{"id":733,"date":"2019-01-16T09:00:24","date_gmt":"2019-01-16T08:00:24","guid":{"rendered":"https:\/\/www.georgesnaef.com\/?page_id=733"},"modified":"2019-01-16T09:00:24","modified_gmt":"2019-01-16T08:00:24","slug":"le-grand-livre-de-lobjet-dart","status":"publish","type":"page","link":"https:\/\/www.naef.douce-france.net\/index.php\/le-grand-livre-de-lobjet-dart\/","title":{"rendered":"Le Grand Livre de l&rsquo;Objet d&rsquo;Art"},"content":{"rendered":"<p><span style=\"font-size: 10pt;\"><span style=\"font-family: arial, helvetica, sans-serif; color: #000080;\"><strong><em><img loading=\"lazy\" decoding=\"async\" class=\"size-medium wp-image-737 alignleft\" src=\"https:\/\/www.georgesnaef.com\/wp-content\/uploads\/2019\/01\/objet-dart-300x284.jpg\" alt=\"\" width=\"300\" height=\"284\" srcset=\"https:\/\/www.naef.douce-france.net\/wp-content\/uploads\/2019\/01\/objet-dart-300x284.jpg 300w, https:\/\/www.naef.douce-france.net\/wp-content\/uploads\/2019\/01\/objet-dart-1024x969.jpg 1024w, https:\/\/www.naef.douce-france.net\/wp-content\/uploads\/2019\/01\/objet-dart-768x727.jpg 768w, https:\/\/www.naef.douce-france.net\/wp-content\/uploads\/2019\/01\/objet-dart-1536x1453.jpg 1536w, https:\/\/www.naef.douce-france.net\/wp-content\/uploads\/2019\/01\/objet-dart-2048x1938.jpg 2048w\" sizes=\"auto, (max-width: 300px) 100vw, 300px\" \/>Edition Naef (<\/em><\/strong><\/span><\/span><span style=\"font-family: arial, helvetica, sans-serif; font-size: 10pt;\">2 volumes)<br><strong>Tome I :&nbsp;<\/strong><br>&#8211; Netsuke et inro<br>&#8211; Orf\u00e8vrerie<br>&nbsp;&#8211; Pendules, montres et barom\u00e8tre<br>&#8211; Tapis<br>&#8211; Verrerie<br>&#8211; Bibliographie<br>&#8211; Mus\u00e9es<br><strong>Tome II<\/strong><br>&#8211; Arles et armures<br>&#8211; Bijoux<br>&#8211; Bo\u00eetes et tabati\u00e8res<br>&#8211; C\u00e9ramique<br>&#8211; Etains<br>&#8211; Ferronnerie<br>&#8211; Instruments scientifiques<br>&#8211; Jeux et automates<br>&#8211; Mobilier<\/span><\/p>\n<p><span style=\"font-family: arial, helvetica, sans-serif; font-size: 12pt;\"><strong>\u20ac 148.- &#8211;&nbsp; &nbsp;CHF 179.- &#8211; (Coffret 2 volumes)<\/strong><\/span><\/p>\n\n\n<p><\/p>\n","protected":false},"excerpt":{"rendered":"<p>Edition Naef (2 volumes)Tome I :&nbsp;&#8211; Netsuke et inro&#8211; Orf\u00e8vrerie&nbsp;&#8211; Pendules, montres et barom\u00e8tre&#8211; Tapis&#8211; Verrerie&#8211; Bibliographie&#8211; Mus\u00e9esTome II&#8211; Arles et armures&#8211; Bijoux&#8211; Bo\u00eetes et tabati\u00e8res&#8211; C\u00e9ramique&#8211; Etains&#8211; Ferronnerie&#8211; Instruments scientifiques&#8211; Jeux et automates&#8211; Mobilier \u20ac 148.- &#8211;&nbsp; &nbsp;CHF 179.- &#8211; (Coffret 2 volumes)<\/p>\n","protected":false},"author":2,"featured_media":0,"parent":0,"menu_order":0,"comment_status":"closed","ping_status":"closed","template":"","meta":{"ngg_post_thumbnail":0,"footnotes":""},"class_list":["post-733","page","type-page","status-publish","hentry"],"_links":{"self":[{"href":"https:\/\/www.naef.douce-france.net\/index.php\/wp-json\/wp\/v2\/pages\/733","targetHints":{"allow":["GET"]}}],"collection":[{"href":"https:\/\/www.naef.douce-france.net\/index.php\/wp-json\/wp\/v2\/pages"}],"about":[{"href":"https:\/\/www.naef.douce-france.net\/index.php\/wp-json\/wp\/v2\/types\/page"}],"author":[{"embeddable":true,"href":"https:\/\/www.naef.douce-france.net\/index.php\/wp-json\/wp\/v2\/users\/2"}],"replies":[{"embeddable":true,"href":"https:\/\/www.naef.douce-france.net\/index.php\/wp-json\/wp\/v2\/comments?post=733"}],"version-history":[{"count":0,"href":"https:\/\/www.naef.douce-france.net\/index.php\/wp-json\/wp\/v2\/pages\/733\/revisions"}],"wp:attachment":[{"href":"https:\/\/www.naef.douce-france.net\/index.php\/wp-json\/wp\/v2\/media?parent=733"}],"curies":[{"name":"wp","href":"https:\/\/api.w.org\/{rel}","templated":true}]}}