{"id":629,"date":"2019-01-10T16:21:55","date_gmt":"2019-01-10T15:21:55","guid":{"rendered":"https:\/\/www.georgesnaef.com\/?page_id=629"},"modified":"2019-01-10T16:21:55","modified_gmt":"2019-01-10T15:21:55","slug":"saint-emilion-voyage-dans-linconnu","status":"publish","type":"page","link":"https:\/\/www.naef.douce-france.net\/index.php\/saint-emilion-voyage-dans-linconnu\/","title":{"rendered":"Saint Emilion, Voyage dans l\u2019Inconnu"},"content":{"rendered":"<p><span style=\"font-size: 10pt;\"><span style=\"font-family: arial, helvetica, sans-serif; color: #000080;\"><strong><em><img loading=\"lazy\" decoding=\"async\" class=\"size-medium wp-image-630 alignleft\" src=\"https:\/\/www.georgesnaef.com\/wp-content\/uploads\/2019\/01\/st-emilion-2-196x300.jpg\" alt=\"\" width=\"196\" height=\"300\" srcset=\"https:\/\/www.naef.douce-france.net\/wp-content\/uploads\/2019\/01\/st-emilion-2-196x300.jpg 196w, https:\/\/www.naef.douce-france.net\/wp-content\/uploads\/2019\/01\/st-emilion-2.jpg 386w\" sizes=\"auto, (max-width: 196px) 100vw, 196px\" \/>Fran\u00e7ois Querre, Jacques de Givry<br \/>\n<\/em><\/strong><\/span><\/span><span style=\"font-family: arial, helvetica, sans-serif; font-size: 10pt;\">Un site sacr\u00e9 rec\u00e8le souvent des secrets.<br \/>\nPour les d\u00e9couvrir, il faut apprendre \u00e0 voir, \u00e0 regarder les ornements d\u2019un \u0153il neuf, \u00e0 d\u00e9chiffrer des \u00e9nigmes.<br \/>\nCe livre propose un exercice pratique passionnant.<br \/>\nIl s\u2019agit de visiter les sanctuaires de Saint-\u00c9milion, l\u2019\u00e9glise coll\u00e9giale et l\u2019\u00e9glise monolithe, en s\u2019int\u00e9ressant exclusivement aux peintures<br \/>\net aux sculptures dont on ne comprend pas la pr\u00e9sence ni la signification dans une \u00e9glise chr\u00e9tienne.<br \/>\nLes commentaires de l\u2019auteur, richement illustr\u00e9s, donnent une cl\u00e9 de lecture applicable en d\u2019autres lieux.<br \/>\nLe r\u00e9sultat est un voyage spectaculaire aux racines du christianisme<br \/>\nNouvelle \u00e9dition mise \u00e0 jour : 2021<br \/>\nExcite en version anglaise.<\/span><\/p>\n<p><span style=\"font-family: arial, helvetica, sans-serif; font-size: 10pt;\"><span style=\"font-size: 14pt;\"><a href=\"https:\/\/www.georgesnaef.com\/produit\/saint-emilion-voyage-dans-linconnu\/\"><strong>ACHETER<\/strong><\/a><\/span><br \/>\n<span style=\"font-family: arial, helvetica, sans-serif; font-size: 12pt;\"><strong>\u20ac 19.80.&#8211;&nbsp; &nbsp;CHF 24.&#8211;<\/strong><\/span><br \/>\n<\/span><\/p>\n","protected":false},"excerpt":{"rendered":"<p>Fran\u00e7ois Querre, Jacques de Givry Un site sacr\u00e9 rec\u00e8le souvent des secrets. Pour les d\u00e9couvrir, il faut apprendre \u00e0 voir, \u00e0 regarder les ornements d\u2019un \u0153il neuf, \u00e0 d\u00e9chiffrer des \u00e9nigmes. Ce livre propose un exercice pratique passionnant. Il s\u2019agit de visiter les sanctuaires de Saint-\u00c9milion, l\u2019\u00e9glise coll\u00e9giale et l\u2019\u00e9glise monolithe, en s\u2019int\u00e9ressant exclusivement aux [&hellip;]<\/p>\n","protected":false},"author":2,"featured_media":0,"parent":0,"menu_order":0,"comment_status":"closed","ping_status":"closed","template":"","meta":{"ngg_post_thumbnail":0,"footnotes":""},"class_list":["post-629","page","type-page","status-publish","hentry"],"_links":{"self":[{"href":"https:\/\/www.naef.douce-france.net\/index.php\/wp-json\/wp\/v2\/pages\/629","targetHints":{"allow":["GET"]}}],"collection":[{"href":"https:\/\/www.naef.douce-france.net\/index.php\/wp-json\/wp\/v2\/pages"}],"about":[{"href":"https:\/\/www.naef.douce-france.net\/index.php\/wp-json\/wp\/v2\/types\/page"}],"author":[{"embeddable":true,"href":"https:\/\/www.naef.douce-france.net\/index.php\/wp-json\/wp\/v2\/users\/2"}],"replies":[{"embeddable":true,"href":"https:\/\/www.naef.douce-france.net\/index.php\/wp-json\/wp\/v2\/comments?post=629"}],"version-history":[{"count":0,"href":"https:\/\/www.naef.douce-france.net\/index.php\/wp-json\/wp\/v2\/pages\/629\/revisions"}],"wp:attachment":[{"href":"https:\/\/www.naef.douce-france.net\/index.php\/wp-json\/wp\/v2\/media?parent=629"}],"curies":[{"name":"wp","href":"https:\/\/api.w.org\/{rel}","templated":true}]}}