{"id":611,"date":"2019-01-10T15:12:20","date_gmt":"2019-01-10T14:12:20","guid":{"rendered":"https:\/\/www.georgesnaef.com\/?page_id=611"},"modified":"2019-01-10T15:12:20","modified_gmt":"2019-01-10T14:12:20","slug":"montres-en-acier-naissance-dune-industrie","status":"publish","type":"page","link":"https:\/\/www.naef.douce-france.net\/index.php\/montres-en-acier-naissance-dune-industrie\/","title":{"rendered":"Montres en acier, naissance d&rsquo;une industrie"},"content":{"rendered":"<p><span style=\"font-size: 10pt;\"><span style=\"font-family: arial, helvetica, sans-serif; color: #000080;\"><strong><em><img loading=\"lazy\" decoding=\"async\" class=\"size-medium wp-image-612 alignleft\" src=\"https:\/\/www.georgesnaef.com\/wp-content\/uploads\/2019\/01\/montre-acier-225x300.jpg\" alt=\"\" width=\"225\" height=\"300\" srcset=\"https:\/\/www.naef.douce-france.net\/wp-content\/uploads\/2019\/01\/montre-acier-225x300.jpg 225w, https:\/\/www.naef.douce-france.net\/wp-content\/uploads\/2019\/01\/montre-acier.jpg 600w\" sizes=\"auto, (max-width: 225px) 100vw, 225px\" \/>Jean-Claude Sabrier, Georges Rigot<br \/>\n<\/em><\/strong><\/span><\/span><span style=\"font-family: arial, helvetica, sans-serif; font-size: 10pt;\">Cet ouvrage retrace sur 312 pages et plus de 300 illustrations couleurs la naissance d&rsquo;une industrie horlog\u00e8re des montres de poches, montres en acier bruni, depuis le milieu du XIXe si\u00e8cle.<br \/>\nLa collection exceptionnelle pr\u00e9sent\u00e9e dans ce livre fut constitu\u00e9e par un collectionneur passionn\u00e9 qui rassembla pour notre bonheur, plus de 220 montres, chacune poss\u00e9dant un caract\u00e8re unique et fascinant.<br \/>\nCe livre pr\u00e9sente la fabuleuse collection de Fran\u00e7ois-Paul Journe assembl\u00e9e par Jean Aub\u00e9.<br \/>\nExtr\u00eamement simples ou tr\u00e8s richement orn\u00e9es de motifs divers &#8211; train, automobile, avion, publicit\u00e9s diverses, repr\u00e9sentations patriotiques et militaires ou pornographiques, etc, s&rsquo;\u00e9tendant du milieu du XIXe si\u00e8cle aux ann\u00e9es 1920, elles allient beaut\u00e9 de l&rsquo;objet \u00e0 une technicit\u00e9 hors du commun.<br \/>\nLa maison Montres Journe SA, devenue gardienne privil\u00e9gi\u00e9e de cette collection a choisi de mandater cet ouvrage, r\u00e9dig\u00e9 par les plus grands experts actuels.<\/span><\/p>\n<p><span style=\"font-family: arial, helvetica, sans-serif; font-size: 12pt;\"><strong>\u20ac 84.&#8211;&nbsp; &nbsp;CHF 98.&#8211;<\/strong><\/span><\/p>\n","protected":false},"excerpt":{"rendered":"<p>Jean-Claude Sabrier, Georges Rigot Cet ouvrage retrace sur 312 pages et plus de 300 illustrations couleurs la naissance d&rsquo;une industrie horlog\u00e8re des montres de poches, montres en acier bruni, depuis le milieu du XIXe si\u00e8cle. La collection exceptionnelle pr\u00e9sent\u00e9e dans ce livre fut constitu\u00e9e par un collectionneur passionn\u00e9 qui rassembla pour notre bonheur, plus de [&hellip;]<\/p>\n","protected":false},"author":2,"featured_media":0,"parent":0,"menu_order":0,"comment_status":"closed","ping_status":"closed","template":"","meta":{"ngg_post_thumbnail":0,"footnotes":""},"class_list":["post-611","page","type-page","status-publish","hentry"],"_links":{"self":[{"href":"https:\/\/www.naef.douce-france.net\/index.php\/wp-json\/wp\/v2\/pages\/611","targetHints":{"allow":["GET"]}}],"collection":[{"href":"https:\/\/www.naef.douce-france.net\/index.php\/wp-json\/wp\/v2\/pages"}],"about":[{"href":"https:\/\/www.naef.douce-france.net\/index.php\/wp-json\/wp\/v2\/types\/page"}],"author":[{"embeddable":true,"href":"https:\/\/www.naef.douce-france.net\/index.php\/wp-json\/wp\/v2\/users\/2"}],"replies":[{"embeddable":true,"href":"https:\/\/www.naef.douce-france.net\/index.php\/wp-json\/wp\/v2\/comments?post=611"}],"version-history":[{"count":0,"href":"https:\/\/www.naef.douce-france.net\/index.php\/wp-json\/wp\/v2\/pages\/611\/revisions"}],"wp:attachment":[{"href":"https:\/\/www.naef.douce-france.net\/index.php\/wp-json\/wp\/v2\/media?parent=611"}],"curies":[{"name":"wp","href":"https:\/\/api.w.org\/{rel}","templated":true}]}}