{"id":583,"date":"2019-01-07T15:43:05","date_gmt":"2019-01-07T14:43:05","guid":{"rendered":"https:\/\/www.georgesnaef.com\/?page_id=583"},"modified":"2019-01-07T15:43:05","modified_gmt":"2019-01-07T14:43:05","slug":"maroc-sauvage-2","status":"publish","type":"page","link":"https:\/\/www.naef.douce-france.net\/index.php\/maroc-sauvage-2\/","title":{"rendered":"Maroc sauvage"},"content":{"rendered":"<p><span style=\"font-size: 10pt;\"><span style=\"font-family: arial, helvetica, sans-serif; color: #000080;\"><strong><em><img loading=\"lazy\" decoding=\"async\" class=\"size-medium wp-image-302 alignleft\" src=\"https:\/\/www.georgesnaef.com\/wp-content\/uploads\/2018\/12\/Maroc-sauvage-281x300.jpg\" alt=\"\" width=\"281\" height=\"300\" srcset=\"https:\/\/www.naef.douce-france.net\/wp-content\/uploads\/2018\/12\/Maroc-sauvage-281x300.jpg 281w, https:\/\/www.naef.douce-france.net\/wp-content\/uploads\/2018\/12\/Maroc-sauvage.jpg 468w\" sizes=\"auto, (max-width: 281px) 100vw, 281px\" \/>Nathalie Houdin<br \/>\n<\/em><\/strong><\/span><\/span><span style=\"font-family: arial, helvetica, sans-serif; font-size: 10pt;\">Maroc Sauvage est un voyage photographique au coeur de la nature marocaine. Des paysages infinis, o\u00f9 s&rsquo;harmonisent couleurs, mati\u00e8res et lumi\u00e8res, offrent de merveilleux tableaux cr\u00e9es par la nature. Le Maroc ne se r\u00e9sume pas \u00e0 ses grandes villes, ses palaces, ses souks et ses babouches, c&rsquo;est avant tout un pays riche de nature et d&rsquo;espaces sauvages. Immensit\u00e9 et s\u00e9cheresse ne sont que rudesse apparente : la vie animale est en r\u00e9alit\u00e9 riche de diversit\u00e9 et chacun trouve sa place. Pour qui sait observer appara\u00eetra, plumes, pattes, carapaces&#8230; Tailleurs de pierres, chameliers, p\u00eacheurs montrent le lien \u00e9troit qui unit cette terre \u00e0 l&rsquo;homme. Dans une relation \u00e9quilibr\u00e9e, l&rsquo;une donne et l&rsquo;autre transforme. Dans ce livre, Nathalie Houdin nous fait partager cette richesse et cette facette du Maroc rarement pr\u00e9sent\u00e9e.<\/span><\/p>\n<p><span style=\"font-family: arial, helvetica, sans-serif; font-size: 12pt;\"><strong>\u20ac 42.- &#8211;&nbsp; &nbsp;CHF 54.- &#8211;<\/strong><\/span><\/p>\n","protected":false},"excerpt":{"rendered":"<p>Nathalie Houdin Maroc Sauvage est un voyage photographique au coeur de la nature marocaine. Des paysages infinis, o\u00f9 s&rsquo;harmonisent couleurs, mati\u00e8res et lumi\u00e8res, offrent de merveilleux tableaux cr\u00e9es par la nature. Le Maroc ne se r\u00e9sume pas \u00e0 ses grandes villes, ses palaces, ses souks et ses babouches, c&rsquo;est avant tout un pays riche de [&hellip;]<\/p>\n","protected":false},"author":2,"featured_media":0,"parent":0,"menu_order":0,"comment_status":"closed","ping_status":"closed","template":"","meta":{"ngg_post_thumbnail":0,"footnotes":""},"class_list":["post-583","page","type-page","status-publish","hentry"],"_links":{"self":[{"href":"https:\/\/www.naef.douce-france.net\/index.php\/wp-json\/wp\/v2\/pages\/583","targetHints":{"allow":["GET"]}}],"collection":[{"href":"https:\/\/www.naef.douce-france.net\/index.php\/wp-json\/wp\/v2\/pages"}],"about":[{"href":"https:\/\/www.naef.douce-france.net\/index.php\/wp-json\/wp\/v2\/types\/page"}],"author":[{"embeddable":true,"href":"https:\/\/www.naef.douce-france.net\/index.php\/wp-json\/wp\/v2\/users\/2"}],"replies":[{"embeddable":true,"href":"https:\/\/www.naef.douce-france.net\/index.php\/wp-json\/wp\/v2\/comments?post=583"}],"version-history":[{"count":0,"href":"https:\/\/www.naef.douce-france.net\/index.php\/wp-json\/wp\/v2\/pages\/583\/revisions"}],"wp:attachment":[{"href":"https:\/\/www.naef.douce-france.net\/index.php\/wp-json\/wp\/v2\/media?parent=583"}],"curies":[{"name":"wp","href":"https:\/\/api.w.org\/{rel}","templated":true}]}}