{"id":567,"date":"2019-01-07T15:11:36","date_gmt":"2019-01-07T14:11:36","guid":{"rendered":"https:\/\/www.georgesnaef.com\/?page_id=567"},"modified":"2019-01-07T15:11:36","modified_gmt":"2019-01-07T14:11:36","slug":"birmanie-au-coeur-du-myanmar-ethnique-2","status":"publish","type":"page","link":"https:\/\/www.naef.douce-france.net\/index.php\/birmanie-au-coeur-du-myanmar-ethnique-2\/","title":{"rendered":"Birmanie &#8211; Au coeur du Myanmar \u00e9thnique"},"content":{"rendered":"<p><span style=\"font-size: 10pt;\"><span style=\"font-family: arial, helvetica, sans-serif; color: #000080;\"><strong><em><img loading=\"lazy\" decoding=\"async\" class=\"size-medium wp-image-97 alignleft\" src=\"https:\/\/www.georgesnaef.com\/wp-content\/uploads\/2018\/12\/Birmanie-Au-coeur-du-Myanmar-\u00e9thnique-300x288.jpg\" alt=\"\" width=\"300\" height=\"288\">Eric Pringarbe<br \/>\n<\/em><\/strong><\/span><\/span><span style=\"font-family: arial, helvetica, sans-serif; font-size: 10pt;\">Le Myanmar (ex &#8211; Birmanie) est un des pays d&rsquo;Asie qui r\u00e9serve encore le plus de surprises aux voyageurs. Avec une histoire riche en flux migratoires, cette zone \u00a0\u00bb carrefour \u00a0\u00bb est le berceau d&rsquo;une soci\u00e9t\u00e9 aux composantes ethniques et culturelles h\u00e9t\u00e9roclites. De grandes civilisations ont fa\u00e7onn\u00e9 le paysage en laissant derri\u00e8re elles de somptueuses capitales royales ou de majestueux sites religieux.&nbsp;<br \/>\nIci, la terre est partout imbib\u00e9e de sacr\u00e9, m\u00eame dans les r\u00e9gions les plus recul\u00e9es qui abritent encore des populations \u00e9tant rest\u00e9es, tant bien que mal, \u00e0 l&rsquo;\u00e9cart de l&rsquo;influence de l&rsquo;ethnie majoritaire birmane. En effet, le Myanmar est aussi un formidable creuset de minorit\u00e9s ethniques, pratiquant leurs propres cultes et rest\u00e9es attach\u00e9es \u00e0 leurs coutumes et \u00e0 leurs tenues vestimentaires traditionnelles.&nbsp;<br \/>\nDans une dizaine d&rsquo;ann\u00e9es, plus rien de ces magnifiques parures ne sera visible et leurs images, t\u00e9moignages d&rsquo;une richesse qui fut sans \u00e9gal, seront ench\u00e2ss\u00e9es \u00e0 jamais dans les pages des livres.<\/span><\/p>\n<p><span style=\"font-family: arial, helvetica, sans-serif; font-size: 12pt;\"><strong>\u20ac 42.- &#8211;&nbsp; &nbsp;CHF 54.- &#8211;<\/strong><\/span><\/p>\n","protected":false},"excerpt":{"rendered":"<p>Eric Pringarbe Le Myanmar (ex &#8211; Birmanie) est un des pays d&rsquo;Asie qui r\u00e9serve encore le plus de surprises aux voyageurs. Avec une histoire riche en flux migratoires, cette zone \u00a0\u00bb carrefour \u00a0\u00bb est le berceau d&rsquo;une soci\u00e9t\u00e9 aux composantes ethniques et culturelles h\u00e9t\u00e9roclites. De grandes civilisations ont fa\u00e7onn\u00e9 le paysage en laissant derri\u00e8re elles [&hellip;]<\/p>\n","protected":false},"author":2,"featured_media":0,"parent":0,"menu_order":0,"comment_status":"closed","ping_status":"closed","template":"","meta":{"ngg_post_thumbnail":0,"footnotes":""},"class_list":["post-567","page","type-page","status-publish","hentry"],"_links":{"self":[{"href":"https:\/\/www.naef.douce-france.net\/index.php\/wp-json\/wp\/v2\/pages\/567","targetHints":{"allow":["GET"]}}],"collection":[{"href":"https:\/\/www.naef.douce-france.net\/index.php\/wp-json\/wp\/v2\/pages"}],"about":[{"href":"https:\/\/www.naef.douce-france.net\/index.php\/wp-json\/wp\/v2\/types\/page"}],"author":[{"embeddable":true,"href":"https:\/\/www.naef.douce-france.net\/index.php\/wp-json\/wp\/v2\/users\/2"}],"replies":[{"embeddable":true,"href":"https:\/\/www.naef.douce-france.net\/index.php\/wp-json\/wp\/v2\/comments?post=567"}],"version-history":[{"count":0,"href":"https:\/\/www.naef.douce-france.net\/index.php\/wp-json\/wp\/v2\/pages\/567\/revisions"}],"wp:attachment":[{"href":"https:\/\/www.naef.douce-france.net\/index.php\/wp-json\/wp\/v2\/media?parent=567"}],"curies":[{"name":"wp","href":"https:\/\/api.w.org\/{rel}","templated":true}]}}