{"id":564,"date":"2019-01-07T15:05:26","date_gmt":"2019-01-07T14:05:26","guid":{"rendered":"https:\/\/www.georgesnaef.com\/?page_id=564"},"modified":"2019-01-07T15:05:26","modified_gmt":"2019-01-07T14:05:26","slug":"syrie-carrefour-des-civilisations-2","status":"publish","type":"page","link":"https:\/\/www.naef.douce-france.net\/index.php\/syrie-carrefour-des-civilisations-2\/","title":{"rendered":"Syrie &#8211; Carrefour des civilisations"},"content":{"rendered":"<p><span style=\"font-size: 10pt;\"><span style=\"font-family: arial, helvetica, sans-serif; color: #000080;\"><strong><em><img loading=\"lazy\" decoding=\"async\" class=\"size-medium wp-image-311 alignleft\" src=\"https:\/\/www.georgesnaef.com\/wp-content\/uploads\/2018\/12\/Syrie-Carrefour-des-civilisations-300x289.jpg\" alt=\"\" width=\"300\" height=\"289\" srcset=\"https:\/\/www.naef.douce-france.net\/wp-content\/uploads\/2018\/12\/Syrie-Carrefour-des-civilisations-300x289.jpg 300w, https:\/\/www.naef.douce-france.net\/wp-content\/uploads\/2018\/12\/Syrie-Carrefour-des-civilisations.jpg 475w\" sizes=\"auto, (max-width: 300px) 100vw, 300px\" \/>Fr\u00e9d\u00e9ric Soreau<br \/>\n<\/em><\/strong><\/span><\/span><span style=\"font-family: arial, helvetica, sans-serif; font-size: 10pt;\">Gr\u00e2ce \u00e0 la richesse de son patrimoine architectural et \u00e0 ses liens avec les peuples voisins, la Syrie est le foyer et le carrefour de plusieurs civilisations qui se sont succ\u00e9d\u00e9es sur son territoire. Tout au long de son histoire, la Syrie est en contact avec les civilisations du monde entier qui vont se c\u00f4toyer et s&rsquo;enrichir mutuellement. Egyptiens, Ph\u00e9niciens, Assyriens, Grecs, Byzantins, Perses, Arabes, Turcs, Francs y construisent tour \u00e0 tour des palais, des villes, des mosqu\u00e9es, des \u00e9glises, des ch\u00e2teaux et des forteresses.&nbsp;<br \/>\nDe tous les sites antiques de l&rsquo;ancien pays de Cham, Palmyre, b\u00e2tie en plein d\u00e9sert, fut l&rsquo;une des voies caravani\u00e8res les plus importantes du Moyen-Orient. Au Moyen Age, les chevaliers europ\u00e9ens s&rsquo;installent en Syrie o\u00f9 ils \u00e9difient des ch\u00e2teaux forts pour se prot\u00e9ger des troupes de Saladin. De cette \u00e9poque subsistent une centaine de forteresses dont les plus c\u00e9l\u00e8bres sont le Crac des Chevaliers et le ch\u00e2teau de Sa\u00f4ne, situ\u00e9s dans la r\u00e9gion c\u00f4ti\u00e8re.&nbsp;<br \/>\nNon loin de l\u00e0, sur les rives de l&rsquo;Oronte, s&rsquo;\u00e9tend la jolie ville d&rsquo;Hama qui, avec ses norias et son palais Azem, poss\u00e8de un charme infini. Dans la Vall\u00e9e de l&rsquo;Euphrate, les sites arch\u00e9ologiques sont nombreux, \u00e0 commencer par Doura Europos, construite en bordure du fleuve. La Syrie, c&rsquo;est aussi Damas, l&rsquo;une des plus anciennes villes du monde. Avec sa grande mosqu\u00e9e des Omeyyades, joyau de l&rsquo;art islamique, ses madrasas, caravans\u00e9rails, palais et mausol\u00e9es, elle dispose d&rsquo;un riche patrimoine architectural.&nbsp;<br \/>\nSans oublier Alep, la ville o\u00f9 il fait bon vivre et se perdre dans ses souks au charme enchanteur, Bosra et son magnifique th\u00e9\u00e2tre romain, la basilique Saint Sim\u00e9on, le site gr\u00e9co-romain d&rsquo;Apam\u00e9e. Autant de merveilles que cet ouvrage propose de pr\u00e9senter. C&rsquo;est, surtout partir \u00e0 la d\u00e9couverte d&rsquo;un peuple des plus accueillants. Embarquement imm\u00e9diat pour un voyage photographique aux quatre coins du pays.<\/span><\/p>\n<p><span style=\"font-family: arial, helvetica, sans-serif; font-size: 12pt;\"><strong>\u20ac 42.- &#8211;&nbsp; &nbsp;CHF 54.- &#8211;<\/strong><\/span><\/p>\n","protected":false},"excerpt":{"rendered":"<p>Fr\u00e9d\u00e9ric Soreau Gr\u00e2ce \u00e0 la richesse de son patrimoine architectural et \u00e0 ses liens avec les peuples voisins, la Syrie est le foyer et le carrefour de plusieurs civilisations qui se sont succ\u00e9d\u00e9es sur son territoire. Tout au long de son histoire, la Syrie est en contact avec les civilisations du monde entier qui vont [&hellip;]<\/p>\n","protected":false},"author":2,"featured_media":0,"parent":0,"menu_order":0,"comment_status":"closed","ping_status":"closed","template":"","meta":{"ngg_post_thumbnail":0,"footnotes":""},"class_list":["post-564","page","type-page","status-publish","hentry"],"_links":{"self":[{"href":"https:\/\/www.naef.douce-france.net\/index.php\/wp-json\/wp\/v2\/pages\/564","targetHints":{"allow":["GET"]}}],"collection":[{"href":"https:\/\/www.naef.douce-france.net\/index.php\/wp-json\/wp\/v2\/pages"}],"about":[{"href":"https:\/\/www.naef.douce-france.net\/index.php\/wp-json\/wp\/v2\/types\/page"}],"author":[{"embeddable":true,"href":"https:\/\/www.naef.douce-france.net\/index.php\/wp-json\/wp\/v2\/users\/2"}],"replies":[{"embeddable":true,"href":"https:\/\/www.naef.douce-france.net\/index.php\/wp-json\/wp\/v2\/comments?post=564"}],"version-history":[{"count":0,"href":"https:\/\/www.naef.douce-france.net\/index.php\/wp-json\/wp\/v2\/pages\/564\/revisions"}],"wp:attachment":[{"href":"https:\/\/www.naef.douce-france.net\/index.php\/wp-json\/wp\/v2\/media?parent=564"}],"curies":[{"name":"wp","href":"https:\/\/api.w.org\/{rel}","templated":true}]}}