{"id":554,"date":"2019-01-07T14:35:08","date_gmt":"2019-01-07T13:35:08","guid":{"rendered":"https:\/\/www.georgesnaef.com\/?page_id=554"},"modified":"2019-01-07T14:35:08","modified_gmt":"2019-01-07T13:35:08","slug":"vietnam-au-pays-des-mille-sourires-2","status":"publish","type":"page","link":"https:\/\/www.naef.douce-france.net\/index.php\/vietnam-au-pays-des-mille-sourires-2\/","title":{"rendered":"Vietnam &#8211; Au pays des mille sourires"},"content":{"rendered":"<p><span style=\"font-size: 10pt;\"><span style=\"font-family: arial, helvetica, sans-serif; color: #000080;\"><strong><em><img loading=\"lazy\" decoding=\"async\" class=\"size-medium wp-image-314 alignleft\" src=\"https:\/\/www.georgesnaef.com\/wp-content\/uploads\/2018\/12\/Vietnam-Au-pays-des-mille-sourires-300x296.jpg\" alt=\"\" width=\"300\" height=\"296\" srcset=\"https:\/\/www.naef.douce-france.net\/wp-content\/uploads\/2018\/12\/Vietnam-Au-pays-des-mille-sourires-300x296.jpg 300w, https:\/\/www.naef.douce-france.net\/wp-content\/uploads\/2018\/12\/Vietnam-Au-pays-des-mille-sourires.jpg 475w\" sizes=\"auto, (max-width: 300px) 100vw, 300px\" \/>Fr\u00e9d\u00e9ric Soreau<br><\/em><\/strong><\/span><\/span><span style=\"font-family: arial, helvetica, sans-serif; font-size: 10pt;\">Pays l\u00e9gendaire, le Vietnam n&rsquo;a cess\u00e9 de fasciner et d&rsquo;attirer le voyageur, tant par le myst\u00e8re de ses vastes contr\u00e9es et de ses richesses naturelles que par la qualit\u00e9 du mode de vie de ses populations et leurs traditions de haute sagesse. Peuple fraternel et souriant, d&rsquo;une grande sensibilit\u00e9, les Vietnamiens sont accueillants et sympathiques. A travers un descriptif du pays et du mode de vie de ses habitants, l&rsquo;auteur s&#8217;emploie \u00e0 d\u00e9finir les caract\u00e9ristiques de ce peuple ou plut\u00f4t de ces peuples car il y a au Vietnam plus de 5.1 minorit\u00e9s ethniques qui ont conserv\u00e9 toutes leurs traditions.&nbsp;<br>Le Vietnam est un riche patrimoine architectural avec ses temples, ses pagodes et ses monuments d&rsquo;inspiration chinoise et indienne. La magnifique ville royale de Hu\u00e9 qualifi\u00e9e par l&rsquo;UNESCO \u00a0\u00bb d&rsquo;admirable po\u00e8me architectural \u00a0\u00bb retrouve aujourd&rsquo;hui toute la splendeur de son pass\u00e9 et en est le joyau. C&rsquo;est \u00e9galement et surtout un \u00e9crin de paysages luxuriants et de tr\u00e9sors naturels. C&rsquo;est aussi la d\u00e9couverte d&rsquo;une des contr\u00e9es les plus authentiques du sud-est asiatique \u00e0 l&rsquo;exotisme color\u00e9.&nbsp;<br>Fr\u00e9d\u00e9ric Soreau plonge le lecteur dans l&rsquo;animation des villes de Hanoi, Ho Chi Minh Ville, Hu\u00e9 et nous invite \u00e0 une fl\u00e2nerie \u00e0 travers les plus beaux paysages naturels du pays, de la mythique baie de Halong au delta du M\u00e9kong en passant par les plages de cocotiers d\u00e9sertes et les rizi\u00e8res qui s&rsquo;\u00e9tendent \u00e0 l&rsquo;infini. Il nous fait conna\u00eetre les principales caract\u00e9ristiques de l&rsquo;art du Champa, de l&rsquo;architecture vietnamienne et nous invite dans un pays au \u00a0\u00bb charme secret \u00ab\u00a0.&nbsp;<br>S&rsquo;y rendre une fois, c&rsquo;est n&rsquo;avoir de cesse que d&rsquo;y retourner.<\/span><\/p>\n<p><span style=\"font-family: arial, helvetica, sans-serif; font-size: 12pt;\"><strong>\u20ac 42.- &#8211;&nbsp; &nbsp;CHF 54.- &#8211;<\/strong><\/span><\/p>\n\n\n<p><\/p>\n","protected":false},"excerpt":{"rendered":"<p>Fr\u00e9d\u00e9ric SoreauPays l\u00e9gendaire, le Vietnam n&rsquo;a cess\u00e9 de fasciner et d&rsquo;attirer le voyageur, tant par le myst\u00e8re de ses vastes contr\u00e9es et de ses richesses naturelles que par la qualit\u00e9 du mode de vie de ses populations et leurs traditions de haute sagesse. Peuple fraternel et souriant, d&rsquo;une grande sensibilit\u00e9, les Vietnamiens sont accueillants et [&hellip;]<\/p>\n","protected":false},"author":2,"featured_media":0,"parent":0,"menu_order":0,"comment_status":"closed","ping_status":"closed","template":"","meta":{"ngg_post_thumbnail":0,"footnotes":""},"class_list":["post-554","page","type-page","status-publish","hentry"],"_links":{"self":[{"href":"https:\/\/www.naef.douce-france.net\/index.php\/wp-json\/wp\/v2\/pages\/554","targetHints":{"allow":["GET"]}}],"collection":[{"href":"https:\/\/www.naef.douce-france.net\/index.php\/wp-json\/wp\/v2\/pages"}],"about":[{"href":"https:\/\/www.naef.douce-france.net\/index.php\/wp-json\/wp\/v2\/types\/page"}],"author":[{"embeddable":true,"href":"https:\/\/www.naef.douce-france.net\/index.php\/wp-json\/wp\/v2\/users\/2"}],"replies":[{"embeddable":true,"href":"https:\/\/www.naef.douce-france.net\/index.php\/wp-json\/wp\/v2\/comments?post=554"}],"version-history":[{"count":0,"href":"https:\/\/www.naef.douce-france.net\/index.php\/wp-json\/wp\/v2\/pages\/554\/revisions"}],"wp:attachment":[{"href":"https:\/\/www.naef.douce-france.net\/index.php\/wp-json\/wp\/v2\/media?parent=554"}],"curies":[{"name":"wp","href":"https:\/\/api.w.org\/{rel}","templated":true}]}}