{"id":544,"date":"2019-01-04T16:16:59","date_gmt":"2019-01-04T15:16:59","guid":{"rendered":"https:\/\/www.georgesnaef.com\/?page_id=544"},"modified":"2019-01-04T16:16:59","modified_gmt":"2019-01-04T15:16:59","slug":"essaouira-perle-de-latlantique","status":"publish","type":"page","link":"https:\/\/www.naef.douce-france.net\/index.php\/essaouira-perle-de-latlantique\/","title":{"rendered":"Essaouira, perle de l&rsquo;Atlantique"},"content":{"rendered":"<p><span style=\"font-size: 10pt;\"><span style=\"font-family: arial, helvetica, sans-serif; color: #000080;\"><strong><em><img loading=\"lazy\" decoding=\"async\" class=\"size-medium wp-image-545 alignleft\" src=\"https:\/\/www.georgesnaef.com\/wp-content\/uploads\/2019\/01\/Essaouira-300x276.jpg\" alt=\"\" width=\"300\" height=\"276\" srcset=\"https:\/\/www.naef.douce-france.net\/wp-content\/uploads\/2019\/01\/Essaouira-300x276.jpg 300w, https:\/\/www.naef.douce-france.net\/wp-content\/uploads\/2019\/01\/Essaouira.jpg 600w\" sizes=\"auto, (max-width: 300px) 100vw, 300px\" \/>Abdelkader Mana<br \/>\n<\/em><\/strong><\/span><\/span><span style=\"font-family: arial, helvetica, sans-serif; font-size: 10pt;\">Essaouira autrefois \u00ab\u00a0Mogador\u00a0\u00bb, une ville marocaine de la c\u00f4te atlantique plac\u00e9e sous le signe du vent et de la lumi\u00e8re. Au XVIIIe si\u00e8cle, cit\u00e9 prosp\u00e8re abritant musulmans, juifs et chr\u00e9tiens sous la protection du sultan Sidi Mohammed Ben Abdallah, elle a conserv\u00e9 de sa grandeur d&rsquo;alors sa beaut\u00e9 \u00e9clatante.<br \/>\nVille touch\u00e9e par la gr\u00e2ce, elle est aujourd&rsquo;hui en pleine renaissance. Ceux qui sont n\u00e9s \u00e0 Essaouira et l&rsquo;ont quitt\u00e9e, r\u00eavent de retrouver la m\u00e9dina ceinte de remparts et la sqala d&rsquo;o\u00f9 l&rsquo;on contemple la mer. De m\u00eame, nombreux sont les artistes, qui avouent leur fascination pour ce lieu harmonieux et \u00e9trange, o\u00f9 les vagues et le vent se font constamment entendre.<\/span><\/p>\n<p><span style=\"font-family: arial, helvetica, sans-serif; font-size: 12pt;\"><strong>\u20ac 48.- &#8211;&nbsp; &nbsp;CHF 59.- &#8211;<\/strong><\/span><\/p>\n","protected":false},"excerpt":{"rendered":"<p>Abdelkader Mana Essaouira autrefois \u00ab\u00a0Mogador\u00a0\u00bb, une ville marocaine de la c\u00f4te atlantique plac\u00e9e sous le signe du vent et de la lumi\u00e8re. Au XVIIIe si\u00e8cle, cit\u00e9 prosp\u00e8re abritant musulmans, juifs et chr\u00e9tiens sous la protection du sultan Sidi Mohammed Ben Abdallah, elle a conserv\u00e9 de sa grandeur d&rsquo;alors sa beaut\u00e9 \u00e9clatante. Ville touch\u00e9e par la [&hellip;]<\/p>\n","protected":false},"author":2,"featured_media":0,"parent":0,"menu_order":0,"comment_status":"closed","ping_status":"closed","template":"","meta":{"ngg_post_thumbnail":0,"footnotes":""},"class_list":["post-544","page","type-page","status-publish","hentry"],"_links":{"self":[{"href":"https:\/\/www.naef.douce-france.net\/index.php\/wp-json\/wp\/v2\/pages\/544","targetHints":{"allow":["GET"]}}],"collection":[{"href":"https:\/\/www.naef.douce-france.net\/index.php\/wp-json\/wp\/v2\/pages"}],"about":[{"href":"https:\/\/www.naef.douce-france.net\/index.php\/wp-json\/wp\/v2\/types\/page"}],"author":[{"embeddable":true,"href":"https:\/\/www.naef.douce-france.net\/index.php\/wp-json\/wp\/v2\/users\/2"}],"replies":[{"embeddable":true,"href":"https:\/\/www.naef.douce-france.net\/index.php\/wp-json\/wp\/v2\/comments?post=544"}],"version-history":[{"count":0,"href":"https:\/\/www.naef.douce-france.net\/index.php\/wp-json\/wp\/v2\/pages\/544\/revisions"}],"wp:attachment":[{"href":"https:\/\/www.naef.douce-france.net\/index.php\/wp-json\/wp\/v2\/media?parent=544"}],"curies":[{"name":"wp","href":"https:\/\/api.w.org\/{rel}","templated":true}]}}