{"id":540,"date":"2019-01-04T16:09:19","date_gmt":"2019-01-04T15:09:19","guid":{"rendered":"https:\/\/www.georgesnaef.com\/?page_id=540"},"modified":"2019-01-04T16:09:19","modified_gmt":"2019-01-04T15:09:19","slug":"bahia-noir-bresil-2","status":"publish","type":"page","link":"https:\/\/www.naef.douce-france.net\/index.php\/bahia-noir-bresil-2\/","title":{"rendered":"Bahia &#8211; Noir Br\u00e9sil"},"content":{"rendered":"<p><span style=\"font-size: 10pt;\"><span style=\"font-family: arial, helvetica, sans-serif; color: #000080;\"><strong><em><img loading=\"lazy\" decoding=\"async\" class=\"size-medium wp-image-96 alignleft\" src=\"https:\/\/www.georgesnaef.com\/wp-content\/uploads\/2018\/12\/Bahia-Noir-Br\u00e9sil-300x296.jpg\" alt=\"\" width=\"300\" height=\"296\">Richard Mas<br \/>\n<\/em><\/strong><\/span><\/span><span style=\"font-family: arial, helvetica, sans-serif; font-size: 10pt;\">Br\u00e9sil ne peut \u00eatre que la r\u00e9alit\u00e9 des superlatifs. Br\u00e9sil, terre de contrastes. Mat\u00e9rialisme contre mysticisme, f\u00eates fastueuses contre mis\u00e8re quotidienne, splendeur du baroque contre mis\u00e8re des favelas, fortunes opulentes contre pauvret\u00e9 indigne, ferveur chr\u00e9tienne contre Macumba et cultes africains : tout ce qui s&rsquo;oppose, ici, se c\u00f4toie. Et il en r\u00e9sulte un dynamisme extraordinaire. Le Br\u00e9sil de l&rsquo;auteur, Richard Mas, c&rsquo;est Salvador, plus commun\u00e9ment appel\u00e9e Bahia. La fascinante, troublante et magique Bahia, la plus africaine des villes br\u00e9siliennes. Celle qui avec son charme sensuel envo\u00fbtant &#8211; au-del\u00e0 de ses splendeurs baroques, de l&rsquo;authenticit\u00e9 de ses vieux quartiers et de la beaut\u00e9 de ses plages &#8211; transporte les c\u0153urs et les emballe au rythme fou de sa musique. Premi\u00e8res foul\u00e9es en terre bahianaise. Effet imm\u00e9diat, le sourire na\u00eet sur toutes les l\u00e8vres. Le ton est donn\u00e9, Bahia est une f\u00eate.<\/span><\/p>\n<p><span style=\"font-family: arial, helvetica, sans-serif; font-size: 12pt;\"><strong>\u20ac 4<span style=\"font-family: arial, helvetica, sans-serif; font-size: 12pt;\">2.- &#8211;&nbsp; &nbsp;CHF 54.- &#8211;<\/span><\/strong><\/span><\/p>\n","protected":false},"excerpt":{"rendered":"<p>Richard Mas Br\u00e9sil ne peut \u00eatre que la r\u00e9alit\u00e9 des superlatifs. Br\u00e9sil, terre de contrastes. Mat\u00e9rialisme contre mysticisme, f\u00eates fastueuses contre mis\u00e8re quotidienne, splendeur du baroque contre mis\u00e8re des favelas, fortunes opulentes contre pauvret\u00e9 indigne, ferveur chr\u00e9tienne contre Macumba et cultes africains : tout ce qui s&rsquo;oppose, ici, se c\u00f4toie. Et il en r\u00e9sulte un [&hellip;]<\/p>\n","protected":false},"author":2,"featured_media":0,"parent":0,"menu_order":0,"comment_status":"closed","ping_status":"closed","template":"","meta":{"ngg_post_thumbnail":0,"footnotes":""},"class_list":["post-540","page","type-page","status-publish","hentry"],"_links":{"self":[{"href":"https:\/\/www.naef.douce-france.net\/index.php\/wp-json\/wp\/v2\/pages\/540","targetHints":{"allow":["GET"]}}],"collection":[{"href":"https:\/\/www.naef.douce-france.net\/index.php\/wp-json\/wp\/v2\/pages"}],"about":[{"href":"https:\/\/www.naef.douce-france.net\/index.php\/wp-json\/wp\/v2\/types\/page"}],"author":[{"embeddable":true,"href":"https:\/\/www.naef.douce-france.net\/index.php\/wp-json\/wp\/v2\/users\/2"}],"replies":[{"embeddable":true,"href":"https:\/\/www.naef.douce-france.net\/index.php\/wp-json\/wp\/v2\/comments?post=540"}],"version-history":[{"count":0,"href":"https:\/\/www.naef.douce-france.net\/index.php\/wp-json\/wp\/v2\/pages\/540\/revisions"}],"wp:attachment":[{"href":"https:\/\/www.naef.douce-france.net\/index.php\/wp-json\/wp\/v2\/media?parent=540"}],"curies":[{"name":"wp","href":"https:\/\/api.w.org\/{rel}","templated":true}]}}