{"id":516,"date":"2019-01-02T11:07:47","date_gmt":"2019-01-02T10:07:47","guid":{"rendered":"https:\/\/www.georgesnaef.com\/?page_id=516"},"modified":"2019-01-02T11:07:47","modified_gmt":"2019-01-02T10:07:47","slug":"indonesie-2","status":"publish","type":"page","link":"https:\/\/www.naef.douce-france.net\/index.php\/indonesie-2\/","title":{"rendered":"Indon\u00e9sie"},"content":{"rendered":"<p><span style=\"font-size: 10pt;\"><span style=\"font-family: arial, helvetica, sans-serif; color: #000080;\"><strong><em><img loading=\"lazy\" decoding=\"async\" class=\"size-medium wp-image-288 alignleft\" src=\"https:\/\/www.georgesnaef.com\/wp-content\/uploads\/2018\/12\/Indon\u00e9sie-250x300.jpg\" alt=\"\" width=\"250\" height=\"300\">Patrick Blanche<br \/>\n<\/em><\/strong><\/span><\/span><span style=\"font-family: arial, helvetica, sans-serif; font-size: 10pt;\">L&rsquo;Indon\u00e9sie est un vaste m\u00e9lange de paysages et de cultures. Diss\u00e9min\u00e9 sur les mers \u00e9quatoriales, aux confins de l&rsquo;Asie du Sud-Est, l&rsquo;immense archipel indon\u00e9sien intrigue par sa vari\u00e9t\u00e9 et ses contrastes. Environ 14000 \u00eeles de toutes tailles. Plus de 300 langues pour autant de peuples et de tribus. Des cultures originales, fruits de m\u00e9tissages et d&rsquo;autres soci\u00e9t\u00e9s archa\u00efques inchang\u00e9es depuis la nuit des temps.&nbsp;<br \/>\nO\u00f9 que l&rsquo;on soit, un volcan pointe \u00e0 l&rsquo;horizon. Cette ceinture de feu a toujours caus\u00e9 des d\u00e9sastres, mais aussi donn\u00e9 vie \u00e0 l&rsquo;une des terres les plus fertiles du monde offrant jusqu&rsquo;\u00e0 trois r\u00e9coltes et donc soumise \u00e0 toutes les convoitises. Patrick Blanche, photographe passionn\u00e9, fascin\u00e9 par ces peuples qui ont probablement parcouru ces mers depuis des si\u00e8cles, a sillonn\u00e9 ce pays \u00e0 plusieurs reprises.&nbsp;<br \/>\nAucun voyage ne ressemble au pr\u00e9c\u00e9dent.<\/span><\/p>\n<p><span style=\"font-family: arial, helvetica, sans-serif; font-size: 12pt;\"><strong>\u20ac 48.- &#8211;&nbsp; &nbsp;CHF 59.- &#8211;<\/strong><\/span><\/p>\n","protected":false},"excerpt":{"rendered":"<p>Patrick Blanche L&rsquo;Indon\u00e9sie est un vaste m\u00e9lange de paysages et de cultures. Diss\u00e9min\u00e9 sur les mers \u00e9quatoriales, aux confins de l&rsquo;Asie du Sud-Est, l&rsquo;immense archipel indon\u00e9sien intrigue par sa vari\u00e9t\u00e9 et ses contrastes. Environ 14000 \u00eeles de toutes tailles. Plus de 300 langues pour autant de peuples et de tribus. Des cultures originales, fruits de [&hellip;]<\/p>\n","protected":false},"author":2,"featured_media":0,"parent":0,"menu_order":0,"comment_status":"closed","ping_status":"closed","template":"","meta":{"ngg_post_thumbnail":0,"footnotes":""},"class_list":["post-516","page","type-page","status-publish","hentry"],"_links":{"self":[{"href":"https:\/\/www.naef.douce-france.net\/index.php\/wp-json\/wp\/v2\/pages\/516","targetHints":{"allow":["GET"]}}],"collection":[{"href":"https:\/\/www.naef.douce-france.net\/index.php\/wp-json\/wp\/v2\/pages"}],"about":[{"href":"https:\/\/www.naef.douce-france.net\/index.php\/wp-json\/wp\/v2\/types\/page"}],"author":[{"embeddable":true,"href":"https:\/\/www.naef.douce-france.net\/index.php\/wp-json\/wp\/v2\/users\/2"}],"replies":[{"embeddable":true,"href":"https:\/\/www.naef.douce-france.net\/index.php\/wp-json\/wp\/v2\/comments?post=516"}],"version-history":[{"count":0,"href":"https:\/\/www.naef.douce-france.net\/index.php\/wp-json\/wp\/v2\/pages\/516\/revisions"}],"wp:attachment":[{"href":"https:\/\/www.naef.douce-france.net\/index.php\/wp-json\/wp\/v2\/media?parent=516"}],"curies":[{"name":"wp","href":"https:\/\/api.w.org\/{rel}","templated":true}]}}