{"id":513,"date":"2019-01-02T11:03:34","date_gmt":"2019-01-02T10:03:34","guid":{"rendered":"https:\/\/www.georgesnaef.com\/?page_id=513"},"modified":"2019-01-02T11:03:34","modified_gmt":"2019-01-02T10:03:34","slug":"eternelle-algerie-2","status":"publish","type":"page","link":"https:\/\/www.naef.douce-france.net\/index.php\/eternelle-algerie-2\/","title":{"rendered":"Eternelle Alg\u00e9rie"},"content":{"rendered":"<p><span style=\"font-size: 10pt;\"><span style=\"font-family: arial, helvetica, sans-serif; color: #000080;\"><strong><em><img loading=\"lazy\" decoding=\"async\" class=\"size-medium wp-image-100 alignleft\" src=\"https:\/\/www.georgesnaef.com\/wp-content\/uploads\/2018\/12\/Eternelle-Alg\u00e9rie-252x300.jpg\" alt=\"\" width=\"252\" height=\"300\">Yacine Ketfi, Salvatore Lombardo<br \/>\n<\/em><\/strong><\/span><\/span><span style=\"font-family: arial, helvetica, sans-serif; font-size: 10pt;\">D&rsquo;Alger La Blanche \u00e0 Tamanrasset la glorieuse, en passant par Timimoun la reine des oasis, cet ouvrage nous ram\u00e8ne dans des contr\u00e9es exceptionnelles et fascinantes. Aux confins du r\u00eave et du mythe. Espaces infinis, o\u00f9 alternent des paysages sans pareils : tours volcaniques aux teintes f\u00e9eriques, d\u00e9cors naturels d&rsquo;un genre unique. Le Sahara, que l&rsquo;on croit mort et vide, se r\u00e9v\u00e8le vivant, changeant, immensit\u00e9 de dunes, de regs et d&rsquo;oasis, mots magiques, territoire des Kel N&rsquo;ajjer, les Touaregs, ces hommes bleus, seigneurs du d\u00e9sert connus pour leur noblesse. Mais aussi le Hoggar myst\u00e9rieux, les plateaux sauvages du Tassili, la l\u00e9gendaire vall\u00e9e des Ksour. L&rsquo;artisanat, la vannerie dont les d\u00e9corations rappellent celles des poteries, les bijoux finement cisel\u00e9s de Beni Yeni en argent assortis de coraux, toute une panoplie de produits en c\u00e9ramique, les cuirs et peaux, les tapis flamboyants constituent le tr\u00e9sor artisanal de l&rsquo;Alg\u00e9rie. Eternelle Alg\u00e9rie retrace \u00e0 travers de superbes photos, ce pays aux paysages magiques o\u00f9 se refl\u00e8tent les civilisations du Moyen-Orient et de la M\u00e9diterran\u00e9e : gravures rupestres, dolmens, mausol\u00e9es, villes romaines, villes arabes&#8230;<\/span><\/p>\n<p><span style=\"font-family: arial, helvetica, sans-serif; font-size: 12pt;\"><strong>\u20ac 48.- &#8211;&nbsp; &nbsp;CHF 59.- &#8211;<\/strong><\/span><\/p>\n","protected":false},"excerpt":{"rendered":"<p>Yacine Ketfi, Salvatore Lombardo D&rsquo;Alger La Blanche \u00e0 Tamanrasset la glorieuse, en passant par Timimoun la reine des oasis, cet ouvrage nous ram\u00e8ne dans des contr\u00e9es exceptionnelles et fascinantes. Aux confins du r\u00eave et du mythe. Espaces infinis, o\u00f9 alternent des paysages sans pareils : tours volcaniques aux teintes f\u00e9eriques, d\u00e9cors naturels d&rsquo;un genre unique. [&hellip;]<\/p>\n","protected":false},"author":2,"featured_media":0,"parent":0,"menu_order":0,"comment_status":"closed","ping_status":"closed","template":"","meta":{"ngg_post_thumbnail":0,"footnotes":""},"class_list":["post-513","page","type-page","status-publish","hentry"],"_links":{"self":[{"href":"https:\/\/www.naef.douce-france.net\/index.php\/wp-json\/wp\/v2\/pages\/513","targetHints":{"allow":["GET"]}}],"collection":[{"href":"https:\/\/www.naef.douce-france.net\/index.php\/wp-json\/wp\/v2\/pages"}],"about":[{"href":"https:\/\/www.naef.douce-france.net\/index.php\/wp-json\/wp\/v2\/types\/page"}],"author":[{"embeddable":true,"href":"https:\/\/www.naef.douce-france.net\/index.php\/wp-json\/wp\/v2\/users\/2"}],"replies":[{"embeddable":true,"href":"https:\/\/www.naef.douce-france.net\/index.php\/wp-json\/wp\/v2\/comments?post=513"}],"version-history":[{"count":0,"href":"https:\/\/www.naef.douce-france.net\/index.php\/wp-json\/wp\/v2\/pages\/513\/revisions"}],"wp:attachment":[{"href":"https:\/\/www.naef.douce-france.net\/index.php\/wp-json\/wp\/v2\/media?parent=513"}],"curies":[{"name":"wp","href":"https:\/\/api.w.org\/{rel}","templated":true}]}}