{"id":501,"date":"2019-01-02T10:49:40","date_gmt":"2019-01-02T09:49:40","guid":{"rendered":"https:\/\/www.georgesnaef.com\/?page_id=501"},"modified":"2019-01-02T10:49:40","modified_gmt":"2019-01-02T09:49:40","slug":"rajasthan","status":"publish","type":"page","link":"https:\/\/www.naef.douce-france.net\/index.php\/rajasthan\/","title":{"rendered":"Rajasthan"},"content":{"rendered":"<p><span style=\"font-size: 10pt;\"><span style=\"font-family: arial, helvetica, sans-serif; color: #000080;\"><strong><em><img loading=\"lazy\" decoding=\"async\" class=\"size-medium wp-image-306 alignleft\" src=\"https:\/\/www.georgesnaef.com\/wp-content\/uploads\/2018\/12\/R\u00e2jasth\u00e2n-Terre-des-seigneurs-250x300.jpg\" alt=\"\" width=\"250\" height=\"300\">Fred Kohler, Amina Taha-Hussein Okada<br \/>\n<\/em><\/strong><\/span><\/span><span style=\"font-family: arial, helvetica, sans-serif; font-size: 10pt;\">Le R\u00e2jasth\u00e2n est \u00e0 n&rsquo;en pas douter l&rsquo;une des r\u00e9gions les plus fascinantes et les plus romantiques de l&rsquo;Inde. Tiss\u00e9e d&rsquo;exploits et de hauts faits glorieux, \u00e9maill\u00e9e de l\u00e9gendes romanesques, son histoire fut au fil des si\u00e8cles marqu\u00e9e au sceau de l&rsquo;h\u00e9ro\u00efsme et de la grandeur. Les R\u00e2jpoutes, descendants de lign\u00e9es mythiques mais \u00e9galement illustres \u00e9difi\u00e8rent des royaumes prosp\u00e8res dans les sables du d\u00e9sert, d&rsquo;inexpugnables et farouches forteresses d&rsquo;o\u00f9 s&rsquo;\u00e9lan\u00e7aient \u00e0 l&rsquo;assaut de l&rsquo;ennemi des hordes de guerriers indomptables. Autrefois berceau de la chevalerie, bastion de la spiritualit\u00e9 hindoue et de la r\u00e9sistance opini\u00e2tre \u00e0 l&rsquo;envahisseur, le R\u00e2jasth\u00e2n est de fait le Pays des Rois, la patrie par excellence des preux chevaliers et des braves \u00e9pris de sacrifice et d&rsquo;actions d&rsquo;\u00e9clat. H\u00e9ritiers des valeureux guerriers de jadis, les m\u00e2h\u00e2rajas r\u00e9gn\u00e8rent avec un faste extravagant et une opulence souvent ostentatoire sur cette terre l\u00e9gendaire, contribuant par leur exc\u00e8s et leur pompe d&rsquo;un autre \u00e2ge \u00e0 la fascination que suscitait, dans les imaginations occidentales, le Pays des Rois. A la gr\u00e2ce et \u00e0 l&rsquo;ornementation harmonieuse des palais et des demeures princi\u00e8res, qui \u00e9blouissaient les voyageurs d&rsquo;antan et enchantent toujours le touriste d&rsquo;aujourd&rsquo;hui, r\u00e9pondent la beaut\u00e9 naturelle et la diversit\u00e9 g\u00e9ographique d&rsquo;une r\u00e9gion o\u00f9 alternent reliefs escarp\u00e9s, for\u00eats bruissantes, plaines et vall\u00e9es verdoyantes, lacs aux eaux scintillantes cr\u00e9\u00e9s par la main de l&rsquo;homme. Haut lieu de l&rsquo;hindouisme et du jana\u00efsme depuis des temps imm\u00e9moriaux, le R\u00e2jasth\u00e2n accueille au rythme des f\u00eates et des comm\u00e9morations religieuses des foules immenses de p\u00e8lerins et de d\u00e9vots, unis par une commune ferveur et une commune pi\u00e9t\u00e9. Peuple anim\u00e9 d&rsquo;une foi profonde, mais \u00e9galement avide de r\u00e9jouissances, de processions et de cort\u00e8ges pittoresques, de festivit\u00e9s populaires, de parades f\u00e9eriques au c\u0153ur d&rsquo;une foule en liesse. Peuple \u00e9minemment artiste enfin, ce dont t\u00e9moignent une tradition artistique plusieurs fois s\u00e9culaire et un artisanat vivace et original. Dans cet ouvrage, vous allez d\u00e9couvrir les facettes les plus repr\u00e9sentatives de cette contr\u00e9e enchanteresse et incomparable quintessence m\u00eame de l&rsquo;Inde \u00e9ternelle et fabuleuse \u00e0 laquelle, les tr\u00e8s belles photographies de Fred Kohler rendent un tr\u00e8s juste et s\u00e9duisant hommage. (Amina Okada)<\/span><\/p>\n<p><span style=\"font-family: arial, helvetica, sans-serif; font-size: 12pt;\"><strong>\u20ac 48.- &#8211;&nbsp; &nbsp;CHF 59.- &#8211;<\/strong><\/span><\/p>\n","protected":false},"excerpt":{"rendered":"<p>Fred Kohler, Amina Taha-Hussein Okada Le R\u00e2jasth\u00e2n est \u00e0 n&rsquo;en pas douter l&rsquo;une des r\u00e9gions les plus fascinantes et les plus romantiques de l&rsquo;Inde. Tiss\u00e9e d&rsquo;exploits et de hauts faits glorieux, \u00e9maill\u00e9e de l\u00e9gendes romanesques, son histoire fut au fil des si\u00e8cles marqu\u00e9e au sceau de l&rsquo;h\u00e9ro\u00efsme et de la grandeur. Les R\u00e2jpoutes, descendants de [&hellip;]<\/p>\n","protected":false},"author":2,"featured_media":0,"parent":0,"menu_order":0,"comment_status":"closed","ping_status":"closed","template":"","meta":{"ngg_post_thumbnail":0,"footnotes":""},"class_list":["post-501","page","type-page","status-publish","hentry"],"_links":{"self":[{"href":"https:\/\/www.naef.douce-france.net\/index.php\/wp-json\/wp\/v2\/pages\/501","targetHints":{"allow":["GET"]}}],"collection":[{"href":"https:\/\/www.naef.douce-france.net\/index.php\/wp-json\/wp\/v2\/pages"}],"about":[{"href":"https:\/\/www.naef.douce-france.net\/index.php\/wp-json\/wp\/v2\/types\/page"}],"author":[{"embeddable":true,"href":"https:\/\/www.naef.douce-france.net\/index.php\/wp-json\/wp\/v2\/users\/2"}],"replies":[{"embeddable":true,"href":"https:\/\/www.naef.douce-france.net\/index.php\/wp-json\/wp\/v2\/comments?post=501"}],"version-history":[{"count":0,"href":"https:\/\/www.naef.douce-france.net\/index.php\/wp-json\/wp\/v2\/pages\/501\/revisions"}],"wp:attachment":[{"href":"https:\/\/www.naef.douce-france.net\/index.php\/wp-json\/wp\/v2\/media?parent=501"}],"curies":[{"name":"wp","href":"https:\/\/api.w.org\/{rel}","templated":true}]}}