{"id":488,"date":"2019-01-02T09:04:33","date_gmt":"2019-01-02T08:04:33","guid":{"rendered":"https:\/\/www.georgesnaef.com\/?page_id=488"},"modified":"2019-01-02T09:04:33","modified_gmt":"2019-01-02T08:04:33","slug":"chevaux-traditions-equestres-en-asie-2","status":"publish","type":"page","link":"https:\/\/www.naef.douce-france.net\/index.php\/chevaux-traditions-equestres-en-asie-2\/","title":{"rendered":"Chevaux &#038; traditions \u00e9questres en Asie"},"content":{"rendered":"<p><span style=\"font-family: arial, helvetica, sans-serif;\"><span style=\"font-size: 10pt;\"><span style=\"color: #000080;\"><strong><em><img loading=\"lazy\" decoding=\"async\" class=\"size-medium wp-image-98 alignleft\" src=\"https:\/\/www.georgesnaef.com\/wp-content\/uploads\/2018\/12\/Chevaux-traditions-\u00e9questres-en-Asie-300x279.jpg\" alt=\"\" width=\"300\" height=\"279\">Patrick Blanche<br \/>\n<\/em><\/strong><\/span>Le cheval a fa\u00e7onn\u00e9 l&rsquo;histoire du continent asiatique. En Inde, les cavaliers Sikhs et les guerriers Rajpoutes les adulent aujourd&rsquo;hui en reconnaissance \u00e0 leur bravoure au combat au temps des envahisseurs Moghols. En Mongolie les courses d&rsquo;endurance des steppes nous replongent au temps des redoutables cavaliers de Gengis Khan. En Indon\u00e9sie, sur l&rsquo;\u00eele de Sumba, des joutes \u00e9questres perdurent encore afin de r\u00e9guler les tensions claniques.&nbsp;<\/span><\/span><br \/>\n<span style=\"font-family: arial, helvetica, sans-serif; font-size: 10pt;\">Mais le cheval \u00e0 aussi permis de d\u00e9velopper le commerce comme sur la mythique route dite du \u00ab\u00a0th\u00e9 et des chevaux\u00a0\u00bb qui durant des si\u00e8cles permit aux tib\u00e9tains et aux chinois de commercer. Le cheval est aussi une source d&rsquo;inspiration et un sport. Au Japon, au VIe si\u00e8cle f\u00fbt invent\u00e9 le yabusame, une discipline de cavaliers archers spectaculaire. Dans les m\u00e9tropoles asiatiques les courses de chevaux ou de polo, d\u00e9velopp\u00e9es par les britanniques, se d\u00e9roulent dans les prestigieux hippodromes pour le plus grand bonheur des strat\u00e8ges.&nbsp;<\/span><br \/>\n<span style=\"font-family: arial, helvetica, sans-serif; font-size: 10pt;\">En Ouzb\u00e9kistan les jeux moyen &#8211; \u00e2geux du Bouzkachi, import\u00e9s de Perse sont rest\u00e9s inchang\u00e9s depuis des si\u00e8cles. Cet ouvrage est une invitation \u00e0 la d\u00e9couverte de ce \u00a0\u00bb patrimoine \u00a0\u00bb humain et \u00e9questre sur un continent en plein d\u00e9veloppement, mais aussi aux traditions \u00e9questres s\u00e9culaires et encore bien vivantes. Un t\u00e9moignage photographique exceptionnel et unique \u00e0 travers 12 reportages instructifs et passionnants !<\/span><\/p>\n<p><span style=\"font-family: arial, helvetica, sans-serif; font-size: 12pt;\"><strong>\u20ac 39.- &#8211;&nbsp; &nbsp;CHF 48.- &#8211;<\/strong><\/span><\/p>\n","protected":false},"excerpt":{"rendered":"<p>Patrick Blanche Le cheval a fa\u00e7onn\u00e9 l&rsquo;histoire du continent asiatique. En Inde, les cavaliers Sikhs et les guerriers Rajpoutes les adulent aujourd&rsquo;hui en reconnaissance \u00e0 leur bravoure au combat au temps des envahisseurs Moghols. En Mongolie les courses d&rsquo;endurance des steppes nous replongent au temps des redoutables cavaliers de Gengis Khan. En Indon\u00e9sie, sur l&rsquo;\u00eele [&hellip;]<\/p>\n","protected":false},"author":2,"featured_media":0,"parent":0,"menu_order":0,"comment_status":"closed","ping_status":"closed","template":"","meta":{"ngg_post_thumbnail":0,"footnotes":""},"class_list":["post-488","page","type-page","status-publish","hentry"],"_links":{"self":[{"href":"https:\/\/www.naef.douce-france.net\/index.php\/wp-json\/wp\/v2\/pages\/488","targetHints":{"allow":["GET"]}}],"collection":[{"href":"https:\/\/www.naef.douce-france.net\/index.php\/wp-json\/wp\/v2\/pages"}],"about":[{"href":"https:\/\/www.naef.douce-france.net\/index.php\/wp-json\/wp\/v2\/types\/page"}],"author":[{"embeddable":true,"href":"https:\/\/www.naef.douce-france.net\/index.php\/wp-json\/wp\/v2\/users\/2"}],"replies":[{"embeddable":true,"href":"https:\/\/www.naef.douce-france.net\/index.php\/wp-json\/wp\/v2\/comments?post=488"}],"version-history":[{"count":0,"href":"https:\/\/www.naef.douce-france.net\/index.php\/wp-json\/wp\/v2\/pages\/488\/revisions"}],"wp:attachment":[{"href":"https:\/\/www.naef.douce-france.net\/index.php\/wp-json\/wp\/v2\/media?parent=488"}],"curies":[{"name":"wp","href":"https:\/\/api.w.org\/{rel}","templated":true}]}}