{"id":485,"date":"2019-01-02T08:57:26","date_gmt":"2019-01-02T07:57:26","guid":{"rendered":"https:\/\/www.georgesnaef.com\/?page_id=485"},"modified":"2019-01-02T08:57:26","modified_gmt":"2019-01-02T07:57:26","slug":"les-papous-2","status":"publish","type":"page","link":"https:\/\/www.naef.douce-france.net\/index.php\/les-papous-2\/","title":{"rendered":"Les Papous"},"content":{"rendered":"<p><span style=\"font-size: 10pt;\"><span style=\"font-family: arial, helvetica, sans-serif; color: #000080;\"><strong><em><img loading=\"lazy\" decoding=\"async\" class=\"size-medium wp-image-299 alignleft\" src=\"https:\/\/www.georgesnaef.com\/wp-content\/uploads\/2018\/12\/Les-Papous-300x294.jpg\" alt=\"\" width=\"300\" height=\"294\" srcset=\"https:\/\/www.naef.douce-france.net\/wp-content\/uploads\/2018\/12\/Les-Papous-300x294.jpg 300w, https:\/\/www.naef.douce-france.net\/wp-content\/uploads\/2018\/12\/Les-Papous.jpg 475w\" sizes=\"auto, (max-width: 300px) 100vw, 300px\" \/>Eric Pringarbe<br \/>\n<\/em><\/strong><\/span><\/span><span style=\"font-family: arial, helvetica, sans-serif; font-size: 10pt;\">Ile captivante \u00e0 bien des \u00e9gards, la Nouvelle-Guin\u00e9e reste aujourd&rsquo;hui encore une destination peu visit\u00e9e, qui semble inaccessible et o\u00f9 subsistent de nombreuses zones inexplor\u00e9es. Compos\u00e9e de la Papouasie occidentale \u00e0 l&rsquo;ouest (ex Irian Jaya), sous administration indon\u00e9sienne et de la Papouasie- Nouvelle-Guin\u00e9e \u00e0 l&rsquo;est, ind\u00e9pendante, cette terre en grande partie sauvage abrite une diversit\u00e9 \u00e9tonnante de peuples.&nbsp;<br \/>\nTr\u00e8s attach\u00e9s \u00e0 leur culture, les Papous n&rsquo;oublient pas leurs traditions lors des \u00e9v\u00e9nements importants qui ponctuent la vie de la tribu (mariages, d\u00e9c\u00e8s, c\u00e9r\u00e9monies inter-claniques, conflits intertribaux&#8230;). C&rsquo;est alors l&rsquo;occasion pour eux de faire la d\u00e9monstration de leur inventivit\u00e9 et de leur sens cr\u00e9atif dans l&rsquo;\u00e9laboration d&rsquo;\u00e9blouissantes parures corporelles, signes d&rsquo;appartenance tribale, de distinction hi\u00e9rarchique, de codes communicationnels.<\/span><\/p>\n<p><span style=\"font-family: arial, helvetica, sans-serif; font-size: 12pt;\"><strong>\u20ac 39.- &#8211;&nbsp; &nbsp;CHF 48.- &#8211;<\/strong><\/span><\/p>\n","protected":false},"excerpt":{"rendered":"<p>Eric Pringarbe Ile captivante \u00e0 bien des \u00e9gards, la Nouvelle-Guin\u00e9e reste aujourd&rsquo;hui encore une destination peu visit\u00e9e, qui semble inaccessible et o\u00f9 subsistent de nombreuses zones inexplor\u00e9es. Compos\u00e9e de la Papouasie occidentale \u00e0 l&rsquo;ouest (ex Irian Jaya), sous administration indon\u00e9sienne et de la Papouasie- Nouvelle-Guin\u00e9e \u00e0 l&rsquo;est, ind\u00e9pendante, cette terre en grande partie sauvage abrite [&hellip;]<\/p>\n","protected":false},"author":2,"featured_media":0,"parent":0,"menu_order":0,"comment_status":"closed","ping_status":"closed","template":"","meta":{"ngg_post_thumbnail":0,"footnotes":""},"class_list":["post-485","page","type-page","status-publish","hentry"],"_links":{"self":[{"href":"https:\/\/www.naef.douce-france.net\/index.php\/wp-json\/wp\/v2\/pages\/485","targetHints":{"allow":["GET"]}}],"collection":[{"href":"https:\/\/www.naef.douce-france.net\/index.php\/wp-json\/wp\/v2\/pages"}],"about":[{"href":"https:\/\/www.naef.douce-france.net\/index.php\/wp-json\/wp\/v2\/types\/page"}],"author":[{"embeddable":true,"href":"https:\/\/www.naef.douce-france.net\/index.php\/wp-json\/wp\/v2\/users\/2"}],"replies":[{"embeddable":true,"href":"https:\/\/www.naef.douce-france.net\/index.php\/wp-json\/wp\/v2\/comments?post=485"}],"version-history":[{"count":0,"href":"https:\/\/www.naef.douce-france.net\/index.php\/wp-json\/wp\/v2\/pages\/485\/revisions"}],"wp:attachment":[{"href":"https:\/\/www.naef.douce-france.net\/index.php\/wp-json\/wp\/v2\/media?parent=485"}],"curies":[{"name":"wp","href":"https:\/\/api.w.org\/{rel}","templated":true}]}}