{"id":422,"date":"2018-12-19T13:49:16","date_gmt":"2018-12-19T12:49:16","guid":{"rendered":"https:\/\/www.georgesnaef.com\/?page_id=422"},"modified":"2018-12-19T13:49:16","modified_gmt":"2018-12-19T12:49:16","slug":"le-henne-plante-du-paradis","status":"publish","type":"page","link":"https:\/\/www.naef.douce-france.net\/index.php\/le-henne-plante-du-paradis\/","title":{"rendered":"Le Henn\u00e9 &#8211; Plante du paradis"},"content":{"rendered":"<p><span style=\"font-size: 10pt;\"><span style=\"font-family: arial, helvetica, sans-serif; color: #000080;\"><strong><em><img loading=\"lazy\" decoding=\"async\" class=\"size-medium wp-image-423 alignleft\" src=\"https:\/\/www.georgesnaef.com\/wp-content\/uploads\/2018\/12\/le-henn\u00e9-220x300.jpg\" alt=\"\" width=\"220\" height=\"300\">Mich\u00e8le Maurin Garcia<br \/>\n<\/em><\/strong><\/span><\/span><span style=\"font-family: arial, helvetica, sans-serif;\"><span style=\"font-size: 13.3333px;\">Hamman<br \/>\nBeaut\u00e9<br \/>\nHenn\u00e9 et traditions<br \/>\nHenn\u00e9 et Koubbas<br \/>\nTafilalet, terre du henn\u00e9<br \/>\nNourela, les trois palmiers<\/span><\/span><\/p>\n<p><span style=\"font-family: arial, helvetica, sans-serif; font-size: 12pt;\"><strong>\u20ac 39.- &#8211;&nbsp; &nbsp;CHF 48.- &#8211;<\/strong><\/span><\/p>\n","protected":false},"excerpt":{"rendered":"<p>Mich\u00e8le Maurin Garcia Hamman Beaut\u00e9 Henn\u00e9 et traditions Henn\u00e9 et Koubbas Tafilalet, terre du henn\u00e9 Nourela, les trois palmiers \u20ac 39.- &#8211;&nbsp; &nbsp;CHF 48.- &#8211;<\/p>\n","protected":false},"author":2,"featured_media":0,"parent":0,"menu_order":0,"comment_status":"closed","ping_status":"closed","template":"","meta":{"ngg_post_thumbnail":0,"footnotes":""},"class_list":["post-422","page","type-page","status-publish","hentry"],"_links":{"self":[{"href":"https:\/\/www.naef.douce-france.net\/index.php\/wp-json\/wp\/v2\/pages\/422","targetHints":{"allow":["GET"]}}],"collection":[{"href":"https:\/\/www.naef.douce-france.net\/index.php\/wp-json\/wp\/v2\/pages"}],"about":[{"href":"https:\/\/www.naef.douce-france.net\/index.php\/wp-json\/wp\/v2\/types\/page"}],"author":[{"embeddable":true,"href":"https:\/\/www.naef.douce-france.net\/index.php\/wp-json\/wp\/v2\/users\/2"}],"replies":[{"embeddable":true,"href":"https:\/\/www.naef.douce-france.net\/index.php\/wp-json\/wp\/v2\/comments?post=422"}],"version-history":[{"count":0,"href":"https:\/\/www.naef.douce-france.net\/index.php\/wp-json\/wp\/v2\/pages\/422\/revisions"}],"wp:attachment":[{"href":"https:\/\/www.naef.douce-france.net\/index.php\/wp-json\/wp\/v2\/media?parent=422"}],"curies":[{"name":"wp","href":"https:\/\/api.w.org\/{rel}","templated":true}]}}