{"id":409,"date":"2018-12-19T13:19:51","date_gmt":"2018-12-19T12:19:51","guid":{"rendered":"https:\/\/www.georgesnaef.com\/?page_id=409"},"modified":"2018-12-19T13:19:51","modified_gmt":"2018-12-19T12:19:51","slug":"art-phenicien-expressions-neo-pheniciennes","status":"publish","type":"page","link":"https:\/\/www.naef.douce-france.net\/index.php\/art-phenicien-expressions-neo-pheniciennes\/","title":{"rendered":"Art Ph\u00e9nicien &#8211; Expressions n\u00e9o-ph\u00e9niciennes"},"content":{"rendered":"<p><span style=\"font-size: 10pt;\"><span style=\"font-family: arial, helvetica, sans-serif; color: #000080;\"><strong><em><img loading=\"lazy\" decoding=\"async\" class=\"size-medium wp-image-95 alignleft\" src=\"https:\/\/www.georgesnaef.com\/wp-content\/uploads\/2018\/12\/Art-Ph\u00e9nicien-236x300.jpg\" alt=\"\" width=\"236\" height=\"300\">Maha El-Klalil Chalabi<br \/>\n<\/em><\/strong><\/span><\/span><span style=\"font-family: arial, helvetica, sans-serif; font-size: 10pt;\">Sans pr\u00e9tendre \u00e0 l&rsquo;exhaustivit\u00e9, ce livre vous convie \u00e0 la d\u00e9couverte de l&rsquo;art ph\u00e9nicien \u00e0 travers l&rsquo;histoire, la culture, les croyances, l&rsquo;artisanat d&rsquo;un peuple mais aussi \u00e0 travers ses mythes et ses l\u00e9gendes. Maha El-Khalil Chalabi a dans son c\u0153ur l&rsquo;amour du beau ; la magie l&rsquo;a inspir\u00e9e, le savoir-faire d&rsquo;artisans a fait le reste. Mettant plus de 6.000 ans de savoir-faire au service d&rsquo;une conception unique, mariant l&rsquo;antique et le contemporain, elle nous propose de v\u00e9ritables pi\u00e8ces de collection, t\u00e9moignages de la virtuosit\u00e9 l\u00e9gendaire de ses nobles et prestigieux anc\u00eatres. Se basant sur les t\u00e9moignages des historiens et les documents arch\u00e9ologiques, elle les teinte de sa sensibilit\u00e9 propre et cr\u00e9e un art nouveau, personnel, vivant, qui continue la tradition et la renouvelle : mobilier, art de la table, objets d\u00e9coratifs mais \u00e9galement projets d&rsquo;architecture, de d\u00e9coration, d&rsquo;urbanisme et d&rsquo;am\u00e9nagement paysager. L&rsquo;auteur nous livre ici le fruit d&rsquo;une passion et nous propose un nouvel art de vivre.<\/span><\/p>\n<p><span style=\"font-family: arial, helvetica, sans-serif; font-size: 12pt;\"><strong>\u20ac 39.- &#8211;&nbsp; &nbsp;CHF 48.- &#8211;<\/strong><\/span><\/p>\n","protected":false},"excerpt":{"rendered":"<p>Maha El-Klalil Chalabi Sans pr\u00e9tendre \u00e0 l&rsquo;exhaustivit\u00e9, ce livre vous convie \u00e0 la d\u00e9couverte de l&rsquo;art ph\u00e9nicien \u00e0 travers l&rsquo;histoire, la culture, les croyances, l&rsquo;artisanat d&rsquo;un peuple mais aussi \u00e0 travers ses mythes et ses l\u00e9gendes. Maha El-Khalil Chalabi a dans son c\u0153ur l&rsquo;amour du beau ; la magie l&rsquo;a inspir\u00e9e, le savoir-faire d&rsquo;artisans a [&hellip;]<\/p>\n","protected":false},"author":2,"featured_media":0,"parent":0,"menu_order":0,"comment_status":"closed","ping_status":"closed","template":"","meta":{"ngg_post_thumbnail":0,"footnotes":""},"class_list":["post-409","page","type-page","status-publish","hentry"],"_links":{"self":[{"href":"https:\/\/www.naef.douce-france.net\/index.php\/wp-json\/wp\/v2\/pages\/409","targetHints":{"allow":["GET"]}}],"collection":[{"href":"https:\/\/www.naef.douce-france.net\/index.php\/wp-json\/wp\/v2\/pages"}],"about":[{"href":"https:\/\/www.naef.douce-france.net\/index.php\/wp-json\/wp\/v2\/types\/page"}],"author":[{"embeddable":true,"href":"https:\/\/www.naef.douce-france.net\/index.php\/wp-json\/wp\/v2\/users\/2"}],"replies":[{"embeddable":true,"href":"https:\/\/www.naef.douce-france.net\/index.php\/wp-json\/wp\/v2\/comments?post=409"}],"version-history":[{"count":0,"href":"https:\/\/www.naef.douce-france.net\/index.php\/wp-json\/wp\/v2\/pages\/409\/revisions"}],"wp:attachment":[{"href":"https:\/\/www.naef.douce-france.net\/index.php\/wp-json\/wp\/v2\/media?parent=409"}],"curies":[{"name":"wp","href":"https:\/\/api.w.org\/{rel}","templated":true}]}}