{"id":361,"date":"2018-12-19T08:41:35","date_gmt":"2018-12-19T07:41:35","guid":{"rendered":"https:\/\/www.georgesnaef.com\/?page_id=361"},"modified":"2018-12-19T08:41:35","modified_gmt":"2018-12-19T07:41:35","slug":"la-peinture-de-paysage-et-son-influence-des-origines-au-xviie-siecle","status":"publish","type":"page","link":"https:\/\/www.naef.douce-france.net\/index.php\/la-peinture-de-paysage-et-son-influence-des-origines-au-xviie-siecle\/","title":{"rendered":"La peinture de paysage et son influence, des origines au XVIIe si\u00e8cle"},"content":{"rendered":"<p><span style=\"font-family: arial, helvetica, sans-serif;\"><span style=\"font-size: 10pt;\"><span style=\"color: #000080;\"><strong><em><span style=\"font-size: 10pt;\"><img loading=\"lazy\" decoding=\"async\" class=\"size-medium wp-image-363 alignleft\" src=\"https:\/\/www.georgesnaef.com\/wp-content\/uploads\/2018\/12\/La-peinture-de-paysage-des-origines-au-XVII-siecle-247x300.jpg\" alt=\"\" width=\"247\" height=\"300\" srcset=\"https:\/\/www.naef.douce-france.net\/wp-content\/uploads\/2018\/12\/La-peinture-de-paysage-des-origines-au-XVII-siecle-247x300.jpg 247w, https:\/\/www.naef.douce-france.net\/wp-content\/uploads\/2018\/12\/La-peinture-de-paysage-des-origines-au-XVII-siecle.jpg 411w\" sizes=\"auto, (max-width: 247px) 100vw, 247px\" \/>Bernard Biard<\/span><br \/>\n<\/em><\/strong><\/span><\/span><\/span><span style=\"font-family: arial, helvetica, sans-serif; font-size: 10pt;\">A notre \u00e9poque o\u00f9 de nombreux moyens techniques peuvent \u00eatre utilis\u00e9s pour conserver ou faire conna\u00eetre un beau paysage par des moyens techniques, la peinture peut sembler un genre un peu d\u00e9mod\u00e9. Mais le tableau apporte un lien personnel avec un artiste : il suffit de citer l&rsquo;exemple d&rsquo;un paysage peint par Rembrandt ou Ruisdael \u00e0 la charge \u00e9motionnelle si puissante pour se dire qu&rsquo;il est irrempla\u00e7able.&nbsp;<\/span><br \/>\n<span style=\"font-family: arial, helvetica, sans-serif; font-size: 10pt;\">M\u00eame s&rsquo;il faut se garder des th\u00e9ories, des classifications, un minimun est n\u00e9cessaire pour la pr\u00e9sentation d&rsquo;un texte. Il faut accepter cette contrainte et le c\u00f4t\u00e9 approximatif des rapprochements entre peintres vivant \u00e0 la m\u00eame \u00e9poque avec des id\u00e9es bien diff\u00e9rentes. Giovanni Bellini avait un grand talent pour peindre la nature alors que quelques d\u00e9cennies plus tard, Michel Ange ironisait sur ses coll\u00e8gues port\u00e9s au plaisir, pour lui un peu m\u00e9prisable, de la simple perception.&nbsp;<\/span><br \/>\n<span style=\"font-family: arial, helvetica, sans-serif; font-size: 10pt;\">Enfin Il faut se dire que tout est relatif et qu&rsquo;il n&rsquo;y a pas de v\u00e9rit\u00e9 absolue et qu&rsquo;il est normal d&rsquo;avoir sa propre sensibilit\u00e9 vis \u00e0 vis d&rsquo;une oeuvre d&rsquo;art.<\/span><\/p>\n<p><span style=\"font-family: arial, helvetica, sans-serif; font-size: 12pt;\"><strong>\u20ac 39.- &#8211;&nbsp; &nbsp;CHF 48.- &#8211;<\/strong><\/span><\/p>\n","protected":false},"excerpt":{"rendered":"<p>Bernard Biard A notre \u00e9poque o\u00f9 de nombreux moyens techniques peuvent \u00eatre utilis\u00e9s pour conserver ou faire conna\u00eetre un beau paysage par des moyens techniques, la peinture peut sembler un genre un peu d\u00e9mod\u00e9. Mais le tableau apporte un lien personnel avec un artiste : il suffit de citer l&rsquo;exemple d&rsquo;un paysage peint par Rembrandt [&hellip;]<\/p>\n","protected":false},"author":2,"featured_media":0,"parent":0,"menu_order":0,"comment_status":"closed","ping_status":"closed","template":"","meta":{"ngg_post_thumbnail":0,"footnotes":""},"class_list":["post-361","page","type-page","status-publish","hentry"],"_links":{"self":[{"href":"https:\/\/www.naef.douce-france.net\/index.php\/wp-json\/wp\/v2\/pages\/361","targetHints":{"allow":["GET"]}}],"collection":[{"href":"https:\/\/www.naef.douce-france.net\/index.php\/wp-json\/wp\/v2\/pages"}],"about":[{"href":"https:\/\/www.naef.douce-france.net\/index.php\/wp-json\/wp\/v2\/types\/page"}],"author":[{"embeddable":true,"href":"https:\/\/www.naef.douce-france.net\/index.php\/wp-json\/wp\/v2\/users\/2"}],"replies":[{"embeddable":true,"href":"https:\/\/www.naef.douce-france.net\/index.php\/wp-json\/wp\/v2\/comments?post=361"}],"version-history":[{"count":0,"href":"https:\/\/www.naef.douce-france.net\/index.php\/wp-json\/wp\/v2\/pages\/361\/revisions"}],"wp:attachment":[{"href":"https:\/\/www.naef.douce-france.net\/index.php\/wp-json\/wp\/v2\/media?parent=361"}],"curies":[{"name":"wp","href":"https:\/\/api.w.org\/{rel}","templated":true}]}}