{"id":356,"date":"2018-12-19T08:27:25","date_gmt":"2018-12-19T07:27:25","guid":{"rendered":"https:\/\/www.georgesnaef.com\/?page_id=356"},"modified":"2018-12-19T08:27:25","modified_gmt":"2018-12-19T07:27:25","slug":"fr-millet","status":"publish","type":"page","link":"https:\/\/www.naef.douce-france.net\/index.php\/fr-millet\/","title":{"rendered":"Francisque Millet : le paysage au Xvii si\u00e8cle"},"content":{"rendered":"<p><span style=\"font-size: 10pt;\"><span style=\"font-family: arial, helvetica, sans-serif; color: #000080;\"><strong><em><img loading=\"lazy\" decoding=\"async\" class=\"size-medium wp-image-103 alignleft\" src=\"https:\/\/www.georgesnaef.com\/wp-content\/uploads\/2018\/12\/Francisque-Millet-le-paysage-au-XVIIe-si\u00e8cl-244x300.jpg\" alt=\"\" width=\"244\" height=\"300\">Bernard Biard<br \/>\n<\/em><\/strong><\/span><\/span><span style=\"font-family: arial, helvetica, sans-serif; font-size: 10pt;\">Les \u00e9tudes sur les paysagistes du Xviie si\u00e8cle ne sont pas rares et sont, tr\u00e8s souvent, de grande qualit\u00e9, mais il semble qu&rsquo;elles int\u00e9ressent surtout les historiens de l&rsquo;art. Elles restent ainsi dans un milieu de personnes cultiv\u00e9es alors que, m\u00eame parmi des amateurs d&rsquo;art, le paysage du Xviie est mal connu. Si l&rsquo;on demandait \u00e0 un \u00e9colier de citer un peintre fran\u00e7ais du Xviie si\u00e8cle fran\u00e7ais, un nom lui viendrait peut-\u00eatre \u00e0 l&rsquo;esprit: celui de Nicolas Poussin (1594-1666) et, \u00e9ventuellement, celui de Claude Gell\u00e9e dit le Lorrain (vers 1602-1682). Il lui serait \u00e9galement difficile d&rsquo;imaginer que le paysage ait \u00e9t\u00e9 consid\u00e9r\u00e9 comme un genre mineur tant, pour lui, le portrait, la peinture religieuse ou mythologique lui paraissent de moindre int\u00e9r\u00eat. Ce n&rsquo;est pas que les tableaux montrant la nature aient \u00e9t\u00e9 m\u00e9pris\u00e9s au d\u00e9but du Xviie si\u00e8cle, chacun sait maintenant que la peinture de paysage, en particulier nordique, \u00e9tait recherch\u00e9e. Les amateurs appr\u00e9ciaient Pieter Brueghel dit le Vieux (vers 1525-1569), Jan Brueghel dit de Velours (1568-1625), mais aussi Paul Bril (1554-1624), Jan Both (1608-1641), Cornelis van Poelenburgh (1595-1667), et Herman van Swanevelt (1600-1655) pour n&rsquo;en citer que quelques-uns. Le march\u00e9, de surcro\u00eet, \u00e9tait inond\u00e9 de gravures d&rsquo;artistes nordiques de qualit\u00e9 inconstante mais qui prouvent l&rsquo;int\u00e9r\u00eat du public pour des sujets loin des portraits, des sc\u00e8nes mythologiques ou religieuses.<\/span><\/p>\n<p><span style=\"font-family: arial, helvetica, sans-serif; font-size: 12pt;\"><strong>\u20ac 42.&#8211;&nbsp; &nbsp;CHF 54.&#8211;<\/strong><\/span><\/p>\n","protected":false},"excerpt":{"rendered":"<p>Bernard Biard Les \u00e9tudes sur les paysagistes du Xviie si\u00e8cle ne sont pas rares et sont, tr\u00e8s souvent, de grande qualit\u00e9, mais il semble qu&rsquo;elles int\u00e9ressent surtout les historiens de l&rsquo;art. Elles restent ainsi dans un milieu de personnes cultiv\u00e9es alors que, m\u00eame parmi des amateurs d&rsquo;art, le paysage du Xviie est mal connu. Si [&hellip;]<\/p>\n","protected":false},"author":2,"featured_media":0,"parent":0,"menu_order":0,"comment_status":"closed","ping_status":"closed","template":"","meta":{"ngg_post_thumbnail":0,"footnotes":""},"class_list":["post-356","page","type-page","status-publish","hentry"],"_links":{"self":[{"href":"https:\/\/www.naef.douce-france.net\/index.php\/wp-json\/wp\/v2\/pages\/356","targetHints":{"allow":["GET"]}}],"collection":[{"href":"https:\/\/www.naef.douce-france.net\/index.php\/wp-json\/wp\/v2\/pages"}],"about":[{"href":"https:\/\/www.naef.douce-france.net\/index.php\/wp-json\/wp\/v2\/types\/page"}],"author":[{"embeddable":true,"href":"https:\/\/www.naef.douce-france.net\/index.php\/wp-json\/wp\/v2\/users\/2"}],"replies":[{"embeddable":true,"href":"https:\/\/www.naef.douce-france.net\/index.php\/wp-json\/wp\/v2\/comments?post=356"}],"version-history":[{"count":0,"href":"https:\/\/www.naef.douce-france.net\/index.php\/wp-json\/wp\/v2\/pages\/356\/revisions"}],"wp:attachment":[{"href":"https:\/\/www.naef.douce-france.net\/index.php\/wp-json\/wp\/v2\/media?parent=356"}],"curies":[{"name":"wp","href":"https:\/\/api.w.org\/{rel}","templated":true}]}}