{"id":1915,"date":"2022-12-12T09:27:24","date_gmt":"2022-12-12T08:27:24","guid":{"rendered":"https:\/\/www.georgesnaef.com\/?page_id=1915"},"modified":"2022-12-12T09:27:24","modified_gmt":"2022-12-12T08:27:24","slug":"picasso-la-femme-et-le-toro","status":"publish","type":"page","link":"https:\/\/www.naef.douce-france.net\/index.php\/picasso-la-femme-et-le-toro\/","title":{"rendered":"PICASSO &#8211; LA FEMME ET LE TORO"},"content":{"rendered":"<p><span style=\"font-size: 10pt;\"><span style=\"font-family: arial, helvetica, sans-serif; color: #000080;\"><strong><em><img loading=\"lazy\" decoding=\"async\" class=\"wp-image-1928 alignleft\" src=\"https:\/\/www.georgesnaef.com\/wp-content\/uploads\/2023\/02\/couverture-avec-logo-fondation-picasso-224x300.jpg\" alt=\"\" width=\"183\" height=\"245\" srcset=\"https:\/\/www.naef.douce-france.net\/wp-content\/uploads\/2023\/02\/couverture-avec-logo-fondation-picasso-224x300.jpg 224w, https:\/\/www.naef.douce-france.net\/wp-content\/uploads\/2023\/02\/couverture-avec-logo-fondation-picasso.jpg 747w\" sizes=\"auto, (max-width: 183px) 100vw, 183px\" \/><\/em><\/strong><\/span><\/span><span style=\"font-family: arial, helvetica, sans-serif;\"><span style=\"font-size: 10pt;\"><span style=\"color: #000080;\"><span style=\"color: #000000;\"><strong><em><span style=\"color: #000080;\">Annie Ma\u00efllis,<\/span><br \/>\n<\/em><\/strong><\/span><\/span><\/span><\/span><span style=\"font-family: arial, helvetica, sans-serif;\"><span style=\"font-size: 10pt;\"><span style=\"color: #000080;\"><span style=\"color: #000000;\">Si plusieurs \u00e9tudes se sont centr\u00e9es sur la repr\u00e9sentation de la femme, tr\u00e8s rares sont celles qui ont abord\u00e9 celle du taureau &#8211; pourtant motif essentiel chez l\u2019artiste -, et aucune n\u2019a trait\u00e9 de la double th\u00e9matique liant les deux sujets qui parcourent l\u2019\u0153uvre entier de l\u2019artiste, jusqu\u2019\u00e0 l\u2019obsession.<br \/>\n<strong>Annie Ma\u00efllis,<\/strong> commissaire d\u2019expositions et auteur du film Pablo Picasso et Fran\u00e7oise Gilot \u201cla femme qui dit non\u201d, a publi\u00e9 plusieurs ouvrages sur Picasso ayant pour objet la M\u00e9diterran\u00e9e et le taureau dans leurs repr\u00e9sentations.<br \/>\nL\u2019\u0153uvre monumental de Picasso est parcouru depuis ses premiers dessins d\u2019enfant jusqu\u2019\u00e0 ses derni\u00e8res&nbsp; gravures par deux figures : celle de la femme et celle du taureau. L\u2019artiste les a conjugu\u00e9es dans de nombreuses variations, repr\u00e9sentatives de son \u00e9volution sur plusieurs plans : intime, id\u00e9ologique, historique et, bien entendu, esth\u00e9tique. Or, ces deux axes autour desquels<br \/>\ngravite sa cr\u00e9ation subissent aujourd&rsquo;hui les assauts d\u2019une cancel culture qui les condamne pr\u00e9textant que Picasso aurait \u00e9t\u00e9 un amant violent et un aficionado convaincu.<\/span><\/span><\/span><\/span><\/p>\n<p>Format 22 x 28 -176 pages<\/p>\n<p><span style=\"font-family: arial, helvetica, sans-serif; font-size: 12pt;\"><strong>\u20ac 38.00&#8211;&nbsp; &nbsp;CHF 44.00&#8211;<\/strong><\/span><\/p>\n<hr>\n<p><a href=\"https:\/\/www.georgesnaef.com\/produit\/picasso-la-femme-et-le-toro\/\"><span style=\"font-size: 14pt; color: #ff0000;\"><strong>ACHETER<\/strong><\/span><\/a><\/p>\n","protected":false},"excerpt":{"rendered":"<p>Annie Ma\u00efllis, Si plusieurs \u00e9tudes se sont centr\u00e9es sur la repr\u00e9sentation de la femme, tr\u00e8s rares sont celles qui ont abord\u00e9 celle du taureau &#8211; pourtant motif essentiel chez l\u2019artiste -, et aucune n\u2019a trait\u00e9 de la double th\u00e9matique liant les deux sujets qui parcourent l\u2019\u0153uvre entier de l\u2019artiste, jusqu\u2019\u00e0 l\u2019obsession. Annie Ma\u00efllis, commissaire d\u2019expositions [&hellip;]<\/p>\n","protected":false},"author":2,"featured_media":0,"parent":0,"menu_order":0,"comment_status":"closed","ping_status":"closed","template":"","meta":{"ngg_post_thumbnail":0,"footnotes":""},"class_list":["post-1915","page","type-page","status-publish","hentry"],"_links":{"self":[{"href":"https:\/\/www.naef.douce-france.net\/index.php\/wp-json\/wp\/v2\/pages\/1915","targetHints":{"allow":["GET"]}}],"collection":[{"href":"https:\/\/www.naef.douce-france.net\/index.php\/wp-json\/wp\/v2\/pages"}],"about":[{"href":"https:\/\/www.naef.douce-france.net\/index.php\/wp-json\/wp\/v2\/types\/page"}],"author":[{"embeddable":true,"href":"https:\/\/www.naef.douce-france.net\/index.php\/wp-json\/wp\/v2\/users\/2"}],"replies":[{"embeddable":true,"href":"https:\/\/www.naef.douce-france.net\/index.php\/wp-json\/wp\/v2\/comments?post=1915"}],"version-history":[{"count":0,"href":"https:\/\/www.naef.douce-france.net\/index.php\/wp-json\/wp\/v2\/pages\/1915\/revisions"}],"wp:attachment":[{"href":"https:\/\/www.naef.douce-france.net\/index.php\/wp-json\/wp\/v2\/media?parent=1915"}],"curies":[{"name":"wp","href":"https:\/\/api.w.org\/{rel}","templated":true}]}}