{"id":1893,"date":"2022-08-16T17:09:34","date_gmt":"2022-08-16T15:09:34","guid":{"rendered":"https:\/\/www.georgesnaef.com\/?page_id=1893"},"modified":"2022-08-16T17:09:34","modified_gmt":"2022-08-16T15:09:34","slug":"la-chine-des-annees-80","status":"publish","type":"page","link":"https:\/\/www.naef.douce-france.net\/index.php\/la-chine-des-annees-80\/","title":{"rendered":"LA CHINE DES ANNEES 80"},"content":{"rendered":"<p><span style=\"font-size: 10pt;\"><span style=\"font-family: arial, helvetica, sans-serif; color: #000080;\"><strong><em><img loading=\"lazy\" decoding=\"async\" class=\"wp-image-1886 size-thumbnail alignleft\" src=\"https:\/\/www.georgesnaef.com\/wp-content\/uploads\/2022\/08\/chine-annee-80-150x150.jpg\" alt=\"chine ann\u00e9e 80\" width=\"150\" height=\"150\"><\/em><\/strong><\/span><\/span><span style=\"font-family: arial, helvetica, sans-serif;\"><span style=\"font-size: 10pt;\"><span style=\"color: #000080;\"><span style=\"color: #000000;\"><strong><em><span style=\"color: #333399;\">Jean Andriot<\/span><br \/>\n<\/em><\/strong><\/span><\/span><\/span><\/span><span style=\"font-family: arial, helvetica, sans-serif;\"><span style=\"font-size: 10pt;\"><span style=\"color: #000080;\"><span style=\"color: #000000;\">Je ne suis pas un sp\u00e9cialiste de la Chine.<\/span><br \/>\n<span style=\"color: #000000;\">Mais il s\u2019est trouv\u00e9 que je fus d\u00e9sign\u00e9 pour faire partie, en 1985, d\u2019une mission <\/span><span style=\"color: #000000;\">fran\u00e7aise, suite \u00e0 une invitation du gouvernement chinois.<\/span><br \/>\n<span style=\"color: #000000;\">Cette mission \u00e9tait dirig\u00e9e par le Commissaire au Plan fran\u00e7ais. Et on m\u2019y <\/span><span style=\"color: #000000;\">avait associ\u00e9, compte tenu de mon exp\u00e9rience ant\u00e9rieure dans l\u2019\u00e9laboration <\/span><span style=\"color: #000000;\">du plan \u00e9nerg\u00e9tique fran\u00e7ais, dans les ann\u00e9es soixante puis dans celle de sa <\/span><span style=\"color: #000000;\">mise en \u0153uvre \u00e0 EDF-GDF dans les ann\u00e9es suivantes.<\/span><br \/>\n<span style=\"color: #000000;\">Mes connaissances sur la Chine se limitaient jusque l\u00e0 aux informations <\/span><span style=\"color: #000000;\">donn\u00e9es par les m\u00e9dias, hormis toutefois celles que j\u2019avais acquises par la <\/span><span style=\"color: #000000;\">lecture du livre sur l\u2019histoire de la Chine, de Ren\u00e9 Grousset de l\u2019Acad\u00e9mie<\/span><br \/>\n<span style=\"color: #000000;\">fran\u00e7aise, livre paru juste avant la guerre.<\/span><br \/>\n<span style=\"color: #000000;\">L\u2019occasion se pr\u00e9sentait donc pour moi de me faire une opinion personnelle <\/span><span style=\"color: #000000;\">sur ce grand pays. Et pour cela, je d\u00e9cidai de consacrer \u00e0 cette t\u00e2che tous les <\/span><span style=\"color: #000000;\">temps libres de cette mission, y compris les week-ends encadrant mon temps<\/span><br \/>\n<span style=\"color: #000000;\">de mission, au d\u00e9triment de mes retrouvailles familiales.<\/span><br \/>\n<span style=\"color: #000000;\">C\u2019est ainsi que j\u2019eus l\u2019occasion d\u2019\u00e9changer quelques propos avec le Premier <\/span><span style=\"color: #000000;\">Ministre de Chine, Li Peng, mais aussi, au cours d\u2019une vir\u00e9e sabbatique dans <\/span><span style=\"color: #000000;\">une lointaine contr\u00e9e, de bavarder avec un modeste paysan rencontr\u00e9 au<\/span><br \/>\n<span style=\"color: #000000;\">hasard, avec l\u2019aide, bien entendu, d\u2019un interpr\u00e8te local.<\/span><br \/>\n<span style=\"color: #000000;\">Je livre donc au lecteur, le t\u00e9moignage d\u2019un voyageur qui, il y a plus de trente <\/span><span style=\"color: #000000;\">ans, a eu l\u2019occasion inattendue de se faire une opinion personnelle sur un <\/span><span style=\"color: #000000;\">pays qui est en passe,<\/span><\/span><\/span><\/span><\/p>\n<p>Format 20 x 25 &#8211; 268 pages<\/p>\n<p><span style=\"font-family: arial, helvetica, sans-serif; font-size: 12pt;\"><strong>\u20ac 28.00&#8211;&nbsp; &nbsp;CHF 34.00&#8211;<\/strong><\/span><\/p>\n<hr>\n<p><a href=\"https:\/\/www.georgesnaef.com\/produit\/la-chine-des-annees-80\/\"><span style=\"font-size: 14pt; color: #ff0000;\"><strong>ACHETER<\/strong><\/span><\/a><\/p>\n","protected":false},"excerpt":{"rendered":"<p>Jean Andriot Je ne suis pas un sp\u00e9cialiste de la Chine. Mais il s\u2019est trouv\u00e9 que je fus d\u00e9sign\u00e9 pour faire partie, en 1985, d\u2019une mission fran\u00e7aise, suite \u00e0 une invitation du gouvernement chinois. Cette mission \u00e9tait dirig\u00e9e par le Commissaire au Plan fran\u00e7ais. Et on m\u2019y avait associ\u00e9, compte tenu de mon exp\u00e9rience ant\u00e9rieure [&hellip;]<\/p>\n","protected":false},"author":2,"featured_media":0,"parent":0,"menu_order":0,"comment_status":"closed","ping_status":"closed","template":"","meta":{"ngg_post_thumbnail":0,"footnotes":""},"class_list":["post-1893","page","type-page","status-publish","hentry"],"_links":{"self":[{"href":"https:\/\/www.naef.douce-france.net\/index.php\/wp-json\/wp\/v2\/pages\/1893","targetHints":{"allow":["GET"]}}],"collection":[{"href":"https:\/\/www.naef.douce-france.net\/index.php\/wp-json\/wp\/v2\/pages"}],"about":[{"href":"https:\/\/www.naef.douce-france.net\/index.php\/wp-json\/wp\/v2\/types\/page"}],"author":[{"embeddable":true,"href":"https:\/\/www.naef.douce-france.net\/index.php\/wp-json\/wp\/v2\/users\/2"}],"replies":[{"embeddable":true,"href":"https:\/\/www.naef.douce-france.net\/index.php\/wp-json\/wp\/v2\/comments?post=1893"}],"version-history":[{"count":0,"href":"https:\/\/www.naef.douce-france.net\/index.php\/wp-json\/wp\/v2\/pages\/1893\/revisions"}],"wp:attachment":[{"href":"https:\/\/www.naef.douce-france.net\/index.php\/wp-json\/wp\/v2\/media?parent=1893"}],"curies":[{"name":"wp","href":"https:\/\/api.w.org\/{rel}","templated":true}]}}