{"id":1862,"date":"2021-10-12T09:56:24","date_gmt":"2021-10-12T07:56:24","guid":{"rendered":"https:\/\/www.georgesnaef.com\/?page_id=1862"},"modified":"2021-10-12T09:56:24","modified_gmt":"2021-10-12T07:56:24","slug":"nos-publications","status":"publish","type":"page","link":"https:\/\/www.naef.douce-france.net\/index.php\/nos-publications\/","title":{"rendered":"Nos publications"},"content":{"rendered":"\n<div class=\"wp-block-group\"><div class=\"wp-block-group__inner-container is-layout-flow wp-block-group-is-layout-flow\">\n<div class=\"wp-block-columns is-layout-flex wp-container-core-columns-is-layout-9d6595d7 wp-block-columns-is-layout-flex\">\n<div class=\"wp-block-column is-layout-flow wp-block-column-is-layout-flow\" style=\"flex-basis:100%\">\n<div class=\"wp-block-columns is-layout-flex wp-container-core-columns-is-layout-9d6595d7 wp-block-columns-is-layout-flex\">\n<div class=\"wp-block-column is-layout-flow wp-block-column-is-layout-flow\" style=\"flex-basis:100%\">\n<div class=\"wp-block-columns is-layout-flex wp-container-core-columns-is-layout-9d6595d7 wp-block-columns-is-layout-flex\">\n<div class=\"wp-block-column is-layout-flow wp-block-column-is-layout-flow\" style=\"flex-basis:100%\">\n<ul class=\"wp-block-page-list\">\n<li><a href=\"https:\/\/www.georgesnaef.com\/merveilleux-salins-du-midi\/\">Merveilleux salin du Midi<\/a><\/li>\n<li><a href=\"https:\/\/www.georgesnaef.com\/atlantide-lutopie-retrouvee\/\">Atlantide l&rsquo;utopie retrouv\u00e9<\/a><\/li>\n<li><a href=\"https:\/\/www.georgesnaef.com\/picasso-la-femme-et-le-toro\/\">Picasso La femme et le Toro<\/a><\/li>\n<li><a href=\"https:\/\/www.georgesnaef.com\/camargue-maritime\/\">Camargue maritime<\/a><\/li>\n<li><a href=\"https:\/\/www.georgesnaef.com\/cesar-incognito\/\">C\u00e9sar incognito<\/a><\/li>\n<li><a href=\"https:\/\/www.georgesnaef.com\/la-chine-des-annees-80\/\">La Chine des ann\u00e9e 80<\/a><\/li>\n<li class=\"wp-block-pages-list__item\"><a class=\"wp-block-pages-list__item__link\" href=\"https:\/\/www.georgesnaef.com\/venise\/\">Venise<\/a><\/li>\n<li class=\"wp-block-pages-list__item\"><a class=\"wp-block-pages-list__item__link\" href=\"https:\/\/www.georgesnaef.com\/eternelle-algerie\/\">Eternelle Alg\u00e9rie<\/a><\/li>\n<li class=\"wp-block-pages-list__item\"><a class=\"wp-block-pages-list__item__link\" href=\"https:\/\/www.georgesnaef.com\/indonesie\/\">Indon\u00e9sie<\/a><\/li>\n<li class=\"wp-block-pages-list__item\"><a class=\"wp-block-pages-list__item__link\" href=\"https:\/\/www.georgesnaef.com\/samarkand-la-magnifique\/\">Samarkand la Magnifique<\/a><\/li>\n<li class=\"wp-block-pages-list__item\"><a class=\"wp-block-pages-list__item__link\" href=\"https:\/\/www.georgesnaef.com\/le-mekong-2\/\">Le M\u00e9kong<\/a><\/li>\n<li class=\"wp-block-pages-list__item\"><a class=\"wp-block-pages-list__item__link\" href=\"https:\/\/www.georgesnaef.com\/touaregs-et-peuls-les-nomades-du-sahel\/\">Touaregs et Peuls &#8211; Les nomades du Sahel<\/a><\/li>\n<li class=\"wp-block-pages-list__item\"><a class=\"wp-block-pages-list__item__link\" href=\"https:\/\/www.georgesnaef.com\/andes-voyages-sur-les-volcans-dequateur-2\/\">Andes. Voyages sur les volcans d&rsquo;Equateur<\/a><\/li>\n<li class=\"wp-block-pages-list__item\"><a class=\"wp-block-pages-list__item__link\" href=\"https:\/\/www.georgesnaef.com\/bahia-noir-bresil\/\">Bahia &#8211; Noir Br\u00e9sil<\/a><\/li>\n<li class=\"wp-block-pages-list__item\"><a class=\"wp-block-pages-list__item__link\" href=\"https:\/\/www.georgesnaef.com\/essaouira-perle-de-latlantique\/\">Essaouira, perle de l&rsquo;Atlantique<\/a><\/li>\n<li class=\"wp-block-pages-list__item\"><a class=\"wp-block-pages-list__item__link\" href=\"https:\/\/www.georgesnaef.com\/mongolie-espaces-infinis\/\">Mongolie &#8211; Espaces infinis<\/a><\/li>\n<li class=\"wp-block-pages-list__item\"><a class=\"wp-block-pages-list__item__link\" href=\"https:\/\/www.georgesnaef.com\/rapa-nui-lile-de-paques\/\">Rapa Nui, l&rsquo;\u00eele de P\u00e2ques<\/a><\/li>\n<li class=\"wp-block-pages-list__item\"><a class=\"wp-block-pages-list__item__link\" href=\"https:\/\/www.georgesnaef.com\/vietnam-au-pays-des-mille-sourires\/\">Vietnam &#8211; Au pays des mille sourires<\/a><\/li>\n<li class=\"wp-block-pages-list__item\"><a class=\"wp-block-pages-list__item__link\" href=\"https:\/\/www.georgesnaef.com\/tibet-voyage-en-terre-interieure\/\">Tibet. Voyage en terre int\u00e9rieure<\/a><\/li>\n<li class=\"wp-block-pages-list__item\"><a class=\"wp-block-pages-list__item__link\" href=\"https:\/\/www.georgesnaef.com\/syrie-carrefour-des-civilisations\/\">Syrie &#8211; Carrefour des civilisations<\/a><\/li>\n<li class=\"wp-block-pages-list__item\"><a class=\"wp-block-pages-list__item__link\" href=\"https:\/\/www.georgesnaef.com\/birmanie-au-coeur-du-myanmar-ethnique\/\">Birmanie &#8211; Au coeur du Myanmar \u00e9thnique<\/a><\/li>\n<li class=\"wp-block-pages-list__item\"><a class=\"wp-block-pages-list__item__link\" href=\"https:\/\/www.georgesnaef.com\/peuples-meconnus-de-linde-tribale\/\">Peuples m\u00e9connus de l&rsquo;Inde tribale<\/a><\/li>\n<li class=\"wp-block-pages-list__item\"><a class=\"wp-block-pages-list__item__link\" href=\"https:\/\/www.georgesnaef.com\/peuples-meconnus-de-chine\/\">Peuples m\u00e9connus de Chine<\/a><\/li>\n<li class=\"wp-block-pages-list__item\"><a class=\"wp-block-pages-list__item__link\" href=\"https:\/\/www.georgesnaef.com\/japon-mon-amour\/\">Japon mon amour<\/a><\/li>\n<li class=\"wp-block-pages-list__item\"><a class=\"wp-block-pages-list__item__link\" href=\"https:\/\/www.georgesnaef.com\/maroc-sauvage\/\">Maroc sauvage<\/a><\/li>\n<li class=\"wp-block-pages-list__item\"><a class=\"wp-block-pages-list__item__link\" href=\"https:\/\/www.georgesnaef.com\/nos-collections\/\">Nos collections<\/a><\/li>\n<li class=\"wp-block-pages-list__item\"><a class=\"wp-block-pages-list__item__link\" href=\"https:\/\/www.georgesnaef.com\/saint-emilion-miroir-du-vin\/\">Saint Emilion, Miroir du Vin<\/a><\/li>\n<li class=\"wp-block-pages-list__item\"><a class=\"wp-block-pages-list__item__link\" href=\"https:\/\/www.georgesnaef.com\/malte-une-terre-chargee-dhistoire\/\">Malte : une terre charg\u00e9e d&rsquo;histoire<\/a><\/li>\n<li class=\"wp-block-pages-list__item\"><a class=\"wp-block-pages-list__item__link\" href=\"https:\/\/www.georgesnaef.com\/rio-de-janeiro-bresil-2\/\">Rio de Janeiro &#8211; Br\u00e9sil<\/a><\/li>\n<li class=\"wp-block-pages-list__item\"><a class=\"wp-block-pages-list__item__link\" href=\"https:\/\/www.georgesnaef.com\/place-jemaa-el-fna\/\">Place Jemaa El Fna<\/a><\/li>\n<li class=\"wp-block-pages-list__item\"><a class=\"wp-block-pages-list__item__link\" href=\"https:\/\/www.georgesnaef.com\/alfred-manessier-1911-1993\/\">Alfred Manessier (1911-1993)<\/a><\/li>\n<li class=\"wp-block-pages-list__item\"><a class=\"wp-block-pages-list__item__link\" href=\"https:\/\/www.georgesnaef.com\/montres-en-acier-naissance-dune-industrie\/\">Montres en acier, naissance d&rsquo;une industrie<\/a><\/li>\n<li class=\"wp-block-pages-list__item\"><a class=\"wp-block-pages-list__item__link\" href=\"https:\/\/www.georgesnaef.com\/fr-millet\/\">Francisque Millet : le paysage au Xvii si\u00e8cle<\/a><\/li>\n<li class=\"wp-block-pages-list__item\"><a class=\"wp-block-pages-list__item__link\" href=\"https:\/\/www.georgesnaef.com\/el-puro-fumeurs-de-cigares-a-santiago-de-cuba\/\">El Puro &#8211; Fumeurs de Cigares \u00e0 Santiago de Cuba<\/a><\/li>\n<li class=\"wp-block-pages-list__item\"><a class=\"wp-block-pages-list__item__link\" href=\"https:\/\/www.georgesnaef.com\/la-peinture\/\">La peinture de paysage des Origines \u00e0 nos jours<\/a><\/li>\n<li class=\"wp-block-pages-list__item\"><a class=\"wp-block-pages-list__item__link\" href=\"https:\/\/www.georgesnaef.com\/la-peinture-de-paysage-et-son-influence-des-origines-au-xviie-siecle\/\">La peinture de paysage et son influence, des origines au XVIIe si\u00e8cle<\/a><\/li>\n<li class=\"wp-block-pages-list__item\"><a class=\"wp-block-pages-list__item__link\" href=\"https:\/\/www.georgesnaef.com\/rocamadour-entre-terre-et-ciel\/\">Rocamadour &#8211; Entre terre et ciel<\/a><\/li>\n<li class=\"wp-block-pages-list__item\"><a class=\"wp-block-pages-list__item__link\" href=\"https:\/\/www.georgesnaef.com\/saint-emilion-quand-les-pierres-parlent\/\">Saint-\u00c9milion \u2013 Quand les pierres parlent<\/a><\/li>\n<li class=\"wp-block-pages-list__item\"><a class=\"wp-block-pages-list__item__link\" href=\"https:\/\/www.georgesnaef.com\/la-peinture-de-paysage-du-xviiie-siecle-a-nos-jours\/\">La peinture de paysage du XVIIIe si\u00e8cle \u00e0 nos jours<\/a><\/li>\n<li class=\"wp-block-pages-list__item\"><a class=\"wp-block-pages-list__item__link\" href=\"https:\/\/www.georgesnaef.com\/niki-de-saint-phalle\/\">Niki de Saint Phalle<\/a><\/li>\n<li class=\"wp-block-pages-list__item\"><a class=\"wp-block-pages-list__item__link\" href=\"https:\/\/www.georgesnaef.com\/saint-emilion-voyage-dans-linconnu\/\">Saint Emilion, Voyage dans l\u2019Inconnu<\/a><\/li>\n<li class=\"wp-block-pages-list__item\"><a class=\"wp-block-pages-list__item__link\" href=\"https:\/\/www.georgesnaef.com\/jean-calvin-et-notre-temps-actualite-de-la-reforme\/\">Jean Calvin et notre temps &#8211; Actualit\u00e9 de la R\u00e9forme<\/a><\/li>\n<li class=\"wp-block-pages-list__item\"><a class=\"wp-block-pages-list__item__link\" href=\"https:\/\/www.georgesnaef.com\/cesar-incognito\/\">C\u00c9SAR INCOGNITO<\/a><\/li>\n<li class=\"wp-block-pages-list__item\"><a class=\"wp-block-pages-list__item__link\" href=\"https:\/\/www.georgesnaef.com\/aux-armes-geneve\/\">Aux Armes Gen\u00e8ve<\/a><\/li>\n<li class=\"wp-block-pages-list__item\"><a class=\"wp-block-pages-list__item__link\" href=\"https:\/\/www.georgesnaef.com\/la-merveilleuse-bretagne-des-peintres-2\/\">La merveilleuse Bretagne des peintres<\/a><\/li>\n<li class=\"wp-block-pages-list__item\"><a class=\"wp-block-pages-list__item__link\" href=\"https:\/\/www.georgesnaef.com\/lame-de-lafrique-masques-et-sculptures\/\">L&rsquo;\u00e2me de l&rsquo;Afrique : Masques et sculptures<\/a><\/li>\n<li class=\"wp-block-pages-list__item\"><a class=\"wp-block-pages-list__item__link\" href=\"https:\/\/www.georgesnaef.com\/camargue-maritime\/\">CAMARGUE MARITIME<\/a><\/li>\n<li class=\"wp-block-pages-list__item\"><a class=\"wp-block-pages-list__item__link\" href=\"https:\/\/www.georgesnaef.com\/velos-de-legende\/\">V\u00e9los de l\u00e9gende<\/a><\/li>\n<li class=\"wp-block-pages-list__item\"><a class=\"wp-block-pages-list__item__link\" href=\"https:\/\/www.georgesnaef.com\/victor-hugo-le-genie-sans-frontieres\/\">Victor Hugo le g\u00e9nie sans fronti\u00e8res<\/a><\/li>\n<li class=\"wp-block-pages-list__item\"><a class=\"wp-block-pages-list__item__link\" href=\"https:\/\/www.georgesnaef.com\/la-grande-histoire-de-la-peinture-moderne\/\">La grande histoire de la peinture moderne<\/a><\/li>\n<li class=\"wp-block-pages-list__item\"><a class=\"wp-block-pages-list__item__link\" href=\"https:\/\/www.georgesnaef.com\/alexandre-le-grand-lhomme-dieu\/\">Alexandre le Grand &#8211; L&rsquo;Homme-Dieu<\/a><\/li>\n<li class=\"wp-block-pages-list__item\"><a class=\"wp-block-pages-list__item__link\" href=\"https:\/\/www.georgesnaef.com\/art-phenicien-expressions-neo-pheniciennes\/\">Art Ph\u00e9nicien &#8211; Expressions n\u00e9o-ph\u00e9niciennes<\/a><\/li>\n<li class=\"wp-block-pages-list__item\"><a class=\"wp-block-pages-list__item__link\" href=\"https:\/\/www.georgesnaef.com\/niki-saint-phalle\/\">Niki Saint Phalle<\/a><\/li>\n<li class=\"wp-block-pages-list__item\"><a class=\"wp-block-pages-list__item__link\" href=\"https:\/\/www.georgesnaef.com\/nicolas-poussin-1594-1665-catalogue-raisonne-des-dessins\/\">Nicolas Poussin. 1594-1665. Catalogue raisonn\u00e9 des dessins<\/a><\/li>\n<li class=\"wp-block-pages-list__item\"><a class=\"wp-block-pages-list__item__link\" href=\"https:\/\/www.georgesnaef.com\/les-fleurs-du-mal\/\">Les Fleurs du Mal<\/a><\/li>\n<li class=\"wp-block-pages-list__item\"><a class=\"wp-block-pages-list__item__link\" href=\"https:\/\/www.georgesnaef.com\/le-henne-plante-du-paradis\/\">Le Henn\u00e9 &#8211; Plante du paradis<\/a><\/li>\n<li class=\"wp-block-pages-list__item\"><a class=\"wp-block-pages-list__item__link\" href=\"https:\/\/www.georgesnaef.com\/vagues-lenergie-magnifique\/\">Vagues l&rsquo;\u00e9nergie magnifique<\/a><\/li>\n<li class=\"wp-block-pages-list__item\"><a class=\"wp-block-pages-list__item__link\" href=\"https:\/\/www.georgesnaef.com\/forets\/\">For\u00eats<\/a><\/li>\n<li class=\"wp-block-pages-list__item\"><a class=\"wp-block-pages-list__item__link\" href=\"https:\/\/www.georgesnaef.com\/yemen\/\">Y\u00e9men<\/a><\/li>\n<li class=\"wp-block-pages-list__item\"><a class=\"wp-block-pages-list__item__link\" href=\"https:\/\/www.georgesnaef.com\/le-passage-du-nord-ouest\/\">Le Passage du Nord-Ouest<\/a><\/li>\n<li class=\"wp-block-pages-list__item\"><a class=\"wp-block-pages-list__item__link\" href=\"https:\/\/www.georgesnaef.com\/la-descente-du-nil\/\">L&rsquo;Egypte. La Descente du Nil<\/a><\/li>\n<li class=\"wp-block-pages-list__item\"><a class=\"wp-block-pages-list__item__link\" href=\"https:\/\/www.georgesnaef.com\/jaime-la-suisse\/\">J&rsquo;aime la suisse<\/a><\/li>\n<li class=\"wp-block-pages-list__item\"><a class=\"wp-block-pages-list__item__link\" href=\"https:\/\/www.georgesnaef.com\/le-mekong\/\">Le M\u00e9kong<\/a><\/li>\n<li class=\"wp-block-pages-list__item\"><a class=\"wp-block-pages-list__item__link\" href=\"https:\/\/www.georgesnaef.com\/le-grand-livre-de-la-peinture\/\">Le Grand Livre de la Peinture<\/a><\/li>\n<li class=\"wp-block-pages-list__item\"><a class=\"wp-block-pages-list__item__link\" href=\"https:\/\/www.georgesnaef.com\/nos-nouveautes\/\">Nos nouveaut\u00e9s<\/a><\/li>\n<li class=\"wp-block-pages-list__item\"><a class=\"wp-block-pages-list__item__link\" href=\"https:\/\/www.georgesnaef.com\/lalgerie\/\">l&rsquo;Alg\u00e9rie<\/a><\/li>\n<li class=\"wp-block-pages-list__item\"><a class=\"wp-block-pages-list__item__link\" href=\"https:\/\/www.georgesnaef.com\/le-grand-livre-de-lobjet-dart\/\">Le Grand Livre de l&rsquo;Objet d&rsquo;Art<\/a><\/li>\n<li class=\"wp-block-pages-list__item\"><a class=\"wp-block-pages-list__item__link\" href=\"https:\/\/www.georgesnaef.com\/le-nepal\/\">Le N\u00e9pal<\/a><\/li>\n<li class=\"wp-block-pages-list__item\"><a class=\"wp-block-pages-list__item__link\" href=\"https:\/\/www.georgesnaef.com\/les-papous\/\">Les Papous<\/a><\/li>\n<li class=\"wp-block-pages-list__item\"><a class=\"wp-block-pages-list__item__link\" href=\"https:\/\/www.georgesnaef.com\/chevaux-traditions-equestres-en-asie\/\">Chevaux &amp; traditions \u00e9questres en Asie<\/a><\/li>\n<li class=\"wp-block-pages-list__item\"><a class=\"wp-block-pages-list__item__link\" href=\"https:\/\/www.georgesnaef.com\/la-merveilleuses-provence-des-peintres\/\">La Merveilleuses Provence des Peintres<\/a><\/li>\n<li class=\"wp-block-pages-list__item\"><a class=\"wp-block-pages-list__item__link\" href=\"https:\/\/www.georgesnaef.com\/iran\/\">Iran<\/a><\/li>\n<li class=\"wp-block-pages-list__item\"><a class=\"wp-block-pages-list__item__link\" href=\"https:\/\/www.georgesnaef.com\/patagonie\/\">Patagonie et terre de feu<\/a><\/li>\n<li class=\"wp-block-pages-list__item\"><a class=\"wp-block-pages-list__item__link\" href=\"https:\/\/www.georgesnaef.com\/rajasthan\/\">Rajasthan<\/a><\/li>\n<li class=\"wp-block-pages-list__item\"><a class=\"wp-block-pages-list__item__link\" href=\"https:\/\/www.georgesnaef.com\/madagascar\/\">Madagascar<\/a><\/li>\n<li class=\"wp-block-pages-list__item\"><a class=\"wp-block-pages-list__item__link\" href=\"https:\/\/www.georgesnaef.com\/nepal-art-et-civilisation-des-ranas\/\">N\u00e9pal. Art et civilisation des Ranas<\/a><\/li>\n<li class=\"wp-block-pages-list__item\"><a class=\"wp-block-pages-list__item__link\" href=\"https:\/\/www.georgesnaef.com\/mauritanie-terre-de-reve-et-daventure\/\">Mauritanie &#8211; Terre de r\u00eave et d&rsquo;aventure<\/a><\/li>\n<\/ul>\n<\/div>\n<\/div>\n<\/div>\n<\/div>\n<\/div>\n<\/div>\n<\/div><\/div>\n\n\n\n<p><\/p>\n","protected":false},"excerpt":{"rendered":"<p>Merveilleux salin du Midi Atlantide l&rsquo;utopie retrouv\u00e9 Picasso La femme et le Toro Camargue maritime C\u00e9sar incognito La Chine des ann\u00e9e 80 Venise Eternelle Alg\u00e9rie Indon\u00e9sie Samarkand la Magnifique Le M\u00e9kong Touaregs et Peuls &#8211; Les nomades du Sahel Andes. Voyages sur les volcans d&rsquo;Equateur Bahia &#8211; Noir Br\u00e9sil Essaouira, perle de l&rsquo;Atlantique Mongolie &#8211; [&hellip;]<\/p>\n","protected":false},"author":2,"featured_media":0,"parent":0,"menu_order":0,"comment_status":"closed","ping_status":"closed","template":"","meta":{"ngg_post_thumbnail":0,"footnotes":""},"class_list":["post-1862","page","type-page","status-publish","hentry"],"_links":{"self":[{"href":"https:\/\/www.naef.douce-france.net\/index.php\/wp-json\/wp\/v2\/pages\/1862","targetHints":{"allow":["GET"]}}],"collection":[{"href":"https:\/\/www.naef.douce-france.net\/index.php\/wp-json\/wp\/v2\/pages"}],"about":[{"href":"https:\/\/www.naef.douce-france.net\/index.php\/wp-json\/wp\/v2\/types\/page"}],"author":[{"embeddable":true,"href":"https:\/\/www.naef.douce-france.net\/index.php\/wp-json\/wp\/v2\/users\/2"}],"replies":[{"embeddable":true,"href":"https:\/\/www.naef.douce-france.net\/index.php\/wp-json\/wp\/v2\/comments?post=1862"}],"version-history":[{"count":0,"href":"https:\/\/www.naef.douce-france.net\/index.php\/wp-json\/wp\/v2\/pages\/1862\/revisions"}],"wp:attachment":[{"href":"https:\/\/www.naef.douce-france.net\/index.php\/wp-json\/wp\/v2\/media?parent=1862"}],"curies":[{"name":"wp","href":"https:\/\/api.w.org\/{rel}","templated":true}]}}