{"id":1799,"date":"2021-08-18T10:49:53","date_gmt":"2021-08-18T08:49:53","guid":{"rendered":"https:\/\/www.georgesnaef.com\/?page_id=1799"},"modified":"2021-08-18T10:49:53","modified_gmt":"2021-08-18T08:49:53","slug":"mentions-legales-paiement-securise","status":"publish","type":"page","link":"https:\/\/www.naef.douce-france.net\/index.php\/mentions-legales-paiement-securise\/","title":{"rendered":"Mentions l\u00e9gales \u2013 Paiement s\u00e9curis\u00e9"},"content":{"rendered":"<p><em><strong>PAIEMENT SECURISE Stripe<\/strong><\/em><br>Ce syst\u00e8me de paiement par carte bancaire fait l\u2019objet d\u2019un syst\u00e8me de s\u00e9curisation de type SSL (le cadenas \u00e0 gauche de votre barre d\u2019adresse su vi de https:\/\/ ). Nous avons adopt\u00e9 le proc\u00e9d\u00e9 de cryptage SSL pour l\u2019ensemble de notre site, qui est la r\u00e9f\u00e9rence actuelle dans le cryptage des donn\u00e9es sur Internet. Toutes les donn\u00e9es sensibles li\u00e9es aux moyens de paiement sont ainsi prot\u00e9g\u00e9es.<\/p>\n<p><em><strong>Stripe<\/strong><\/em>&nbsp;est l\u00e0 nouvelle r\u00e9f\u00e9rence s\u00e9curit\u00e9 high-tech. Des entreprises comme Dailymotion, Twiter, Apple Pay, Addidas\u2026 utilise les technologies d\u2019avant garde Stripe.<a href=\"https:\/\/stripe.com\/customers\" target=\"_blank\" rel=\"noopener noreferrer\">&nbsp;D\u00e9couvrez Stripe&nbsp;en cliquant ICI<\/a><\/p>\n<p><img loading=\"lazy\" decoding=\"async\" class=\"alignnone  wp-image-9508\" src=\"https:\/\/www.douce-france.net\/wp-content\/uploads\/2021\/08\/stripe.png\" sizes=\"auto, (max-width: 91px) 100vw, 91px\" srcset=\"https:\/\/www.douce-france.net\/wp-content\/uploads\/2021\/08\/stripe.png 290w, https:\/\/www.douce-france.net\/wp-content\/uploads\/2021\/08\/stripe-150x63.png 150w\" alt=\"\" width=\"91\" height=\"38\"><\/p>\n\n\n<p><\/p>\n","protected":false},"excerpt":{"rendered":"<p>PAIEMENT SECURISE StripeCe syst\u00e8me de paiement par carte bancaire fait l\u2019objet d\u2019un syst\u00e8me de s\u00e9curisation de type SSL (le cadenas \u00e0 gauche de votre barre d\u2019adresse su vi de https:\/\/ ). Nous avons adopt\u00e9 le proc\u00e9d\u00e9 de cryptage SSL pour l\u2019ensemble de notre site, qui est la r\u00e9f\u00e9rence actuelle dans le cryptage des donn\u00e9es sur [&hellip;]<\/p>\n","protected":false},"author":2,"featured_media":0,"parent":0,"menu_order":0,"comment_status":"closed","ping_status":"closed","template":"","meta":{"ngg_post_thumbnail":0,"footnotes":""},"class_list":["post-1799","page","type-page","status-publish","hentry"],"_links":{"self":[{"href":"https:\/\/www.naef.douce-france.net\/index.php\/wp-json\/wp\/v2\/pages\/1799","targetHints":{"allow":["GET"]}}],"collection":[{"href":"https:\/\/www.naef.douce-france.net\/index.php\/wp-json\/wp\/v2\/pages"}],"about":[{"href":"https:\/\/www.naef.douce-france.net\/index.php\/wp-json\/wp\/v2\/types\/page"}],"author":[{"embeddable":true,"href":"https:\/\/www.naef.douce-france.net\/index.php\/wp-json\/wp\/v2\/users\/2"}],"replies":[{"embeddable":true,"href":"https:\/\/www.naef.douce-france.net\/index.php\/wp-json\/wp\/v2\/comments?post=1799"}],"version-history":[{"count":0,"href":"https:\/\/www.naef.douce-france.net\/index.php\/wp-json\/wp\/v2\/pages\/1799\/revisions"}],"wp:attachment":[{"href":"https:\/\/www.naef.douce-france.net\/index.php\/wp-json\/wp\/v2\/media?parent=1799"}],"curies":[{"name":"wp","href":"https:\/\/api.w.org\/{rel}","templated":true}]}}