{"id":1756,"date":"2021-06-23T18:22:01","date_gmt":"2021-06-23T16:22:01","guid":{"rendered":"https:\/\/www.georgesnaef.com\/?page_id=1756"},"modified":"2021-06-23T18:22:01","modified_gmt":"2021-06-23T16:22:01","slug":"dernieres-parutions","status":"publish","type":"page","link":"https:\/\/www.naef.douce-france.net\/index.php\/dernieres-parutions\/","title":{"rendered":"Nos derni\u00e8res parutions"},"content":{"rendered":"<p style=\"text-align: center;\"><a href=\"https:\/\/www.georgesnaef.com\/boutique\/\"><em><strong><span style=\"font-size: 16pt;\">Achetez nos \u00e9ditions en ligne<\/span><\/strong><\/em><\/a><\/p>\n<table style=\"height: 161px;\" width=\"754\">\n<tbody>\n<tr>\n<td>\n<p style=\"text-align: left;\"><span style=\"font-family: arial, helvetica, sans-serif; font-size: 10pt;\"><span style=\"color: #000080;\"><span style=\"color: #000000;\"><strong><em><span style=\"color: #333399;\"><span style=\"font-family: arial, helvetica, sans-serif;\" data-wp-editing=\"1\"><a href=\"https:\/\/www.georgesnaef.com\/merveilleux-salins-du-midi\/\"><img loading=\"lazy\" decoding=\"async\" class=\"size-thumbnail wp-image-2023 alignleft\" src=\"https:\/\/www.georgesnaef.com\/wp-content\/uploads\/2025\/04\/couverture-salin-150x150.jpg\" alt=\"\" width=\"150\" height=\"150\"><\/a>Ariane FORNIA \u2022 Sylvie BRUNEL<br><\/span><\/span><\/em><\/strong><span style=\"font-family: arial, helvetica, sans-serif;\">La Camargue et le sel, c\u2019est une longue histoire\u2026<\/span><span style=\"font-family: arial, helvetica, sans-serif;\"><br>N\u00e9e sous le signe du sel, \u00e0 l\u2019ouest du delta du Rh\u00f4ne, l\u2019\u00e9pop\u00e9e du sel est<br>romaine et m\u00e9di\u00e9vale.<br>Depuis la nuit des temps, Aigues-Morte, d\u2019o\u00f9 partirent les croisades, est<br>la ville du sel. Le petit village des Salin-de-Giraud, au bout du monde, qui<br>rend amoureux tous ceux qui font souche, a \u00e9t\u00e9 fond\u00e9 pour le sel.<br><\/span><span style=\"font-family: arial, helvetica, sans-serif;\">Ce livre retrace cette merveilleuse aventure qu\u2019est le sel de Camargue.<\/span><strong><em><span style=\"color: #333399;\"><span style=\"font-family: arial, helvetica, sans-serif;\"><br><\/span><\/span><\/em><\/strong><\/span><\/span><\/span><\/p>\n<\/td>\n<td>&nbsp;<\/td>\n<\/tr>\n<tr>\n<td>\n<p style=\"text-align: left;\" data-wp-editing=\"1\"><span style=\"font-family: arial, helvetica, sans-serif; font-size: 10pt;\"><span style=\"color: #000080;\"><span style=\"color: #000000;\"><strong><em><span style=\"color: #333399;\"><a href=\"https:\/\/www.georgesnaef.com\/picasso-la-femme-et-le-toro\/\"><img loading=\"lazy\" decoding=\"async\" class=\"alignleft wp-image-1928\" src=\"https:\/\/www.georgesnaef.com\/wp-content\/uploads\/2023\/02\/couverture-avec-logo-fondation-picasso-224x300.jpg\" alt=\"picasso la femme et le toro\" width=\"152\" height=\"204\" srcset=\"https:\/\/www.naef.douce-france.net\/wp-content\/uploads\/2023\/02\/couverture-avec-logo-fondation-picasso-224x300.jpg 224w, https:\/\/www.naef.douce-france.net\/wp-content\/uploads\/2023\/02\/couverture-avec-logo-fondation-picasso.jpg 747w\" sizes=\"auto, (max-width: 152px) 100vw, 152px\" \/><\/a><span style=\"font-family: arial, helvetica, sans-serif;\">Annie Ma\u00efllis<\/span><br><\/span><\/em><\/strong><span style=\"font-family: arial, helvetica, sans-serif;\"><span style=\"color: #333399;\"><span style=\"color: #000000;\">Si plusieurs \u00e9tudes se sont centr\u00e9es sur la repr\u00e9sentation de la femme, tr\u00e8s rares sont <\/span><\/span><span style=\"color: #333399;\"><span style=\"color: #000000;\">celles qui ont abord\u00e9 celle du taureau &#8211; pourtant motif essentiel chez l\u2019artiste -, et aucune n\u2019a <\/span><span style=\"color: #000000;\">trait\u00e9 de la double th\u00e9matique liant les deux sujets qui parcourent l\u2019\u0153uvre entier de l\u2019artiste, <\/span><\/span><span style=\"color: #333399;\"><span style=\"color: #000000;\">jusqu\u2019\u00e0 l\u2019obsession.<br><\/span><\/span><\/span><\/span><\/span><\/span><span style=\"font-family: arial, helvetica, sans-serif; font-size: 10pt;\">L\u2019oeuvre monumental de Picasso est parcouru depuis ses premiers dessins <\/span><span style=\"font-family: arial, helvetica, sans-serif; font-size: 10pt;\">d\u2019enfant jusqu\u2019\u00e0 ses derni\u00e8res gravures par deux figures : celle de la femme <\/span><span style=\"font-family: arial, helvetica, sans-serif; font-size: 10pt;\">et celle du taureau. L\u2019artiste les a conjugu\u00e9es dans de nombreuses variations, <\/span><span style=\"font-family: arial, helvetica, sans-serif; font-size: 10pt;\">repr\u00e9sentatives de son \u00e9volution sur plusieurs plans : intime, id\u00e9ologique,<\/span><br><span style=\"font-family: arial, helvetica, sans-serif; font-size: 10pt;\">historique et, bien entendu, esth\u00e9tique. Or, ces deux axes autour desquels<\/span><br><span style=\"font-family: arial, helvetica, sans-serif; font-size: 10pt;\">gravite sa cr\u00e9ation subissent aujourd\u2019hui les assauts d\u2019une cancel culture qui les<\/span><br><span style=\"font-family: arial, helvetica, sans-serif; font-size: 10pt;\">condamne pr\u00e9textant que Picasso aurait \u00e9t\u00e9 un amant violent et un aficionado<\/span><br><span style=\"font-family: arial, helvetica, sans-serif; font-size: 10pt;\">convaincu.<\/span><\/p>\n<\/td>\n<td>\n<p style=\"text-align: left;\">&nbsp;<\/p>\n<\/td>\n<\/tr>\n<tr>\n<td>\n<p><span style=\"font-family: arial, helvetica, sans-serif; font-size: 10pt;\"><span style=\"color: #000080;\"><a href=\"https:\/\/www.georgesnaef.com\/la-chine-des-annees-80\/\"><strong><em><img loading=\"lazy\" decoding=\"async\" class=\"size-thumbnail wp-image-1886 alignleft\" src=\"https:\/\/www.georgesnaef.com\/wp-content\/uploads\/2022\/08\/chine-annee-80-150x150.jpg\" alt=\"chine ann\u00e9e 80\" width=\"150\" height=\"150\"><\/em><\/strong><\/a><span style=\"color: #000000;\"><strong><em><span style=\"color: #333399;\">Jean Andriot<\/span><br><\/em><\/strong><\/span><\/span><span style=\"color: #000080;\"><span style=\"color: #000000;\">Je ne suis pas un sp\u00e9cialiste de la Chine.<\/span><br><span style=\"color: #000000;\">Mais il s\u2019est trouv\u00e9 que je fus d\u00e9sign\u00e9 pour faire partie, en 1985, d\u2019une mission <\/span><span style=\"color: #000000;\">fran\u00e7aise, suite \u00e0 une invitation du gouvernement chinois.<\/span><br><span style=\"color: #000000;\">Cette mission \u00e9tait dirig\u00e9e par le Commissaire au Plan fran\u00e7ais. Et on m\u2019y <\/span><span style=\"color: #000000;\">avait associ\u00e9, compte tenu de mon exp\u00e9rience ant\u00e9rieure dans l\u2019\u00e9laboration <\/span><span style=\"color: #000000;\">du plan \u00e9nerg\u00e9tique fran\u00e7ais, dans les ann\u00e9es soixante puis dans celle de sa <\/span><span style=\"color: #000000;\">mise en \u0153uvre \u00e0 EDF-GDF dans les ann\u00e9es suivantes.<\/span><br><span style=\"color: #000000;\">Mes connaissances sur la Chine se limitaient jusque l\u00e0 aux informations <\/span><span style=\"color: #000000;\">donn\u00e9es par les m\u00e9dias, hormis toutefois celles que j\u2019avais acquises par la <\/span><span style=\"color: #000000;\">lecture du livre sur l\u2019histoire de la Chine, de Ren\u00e9 Grousset de l\u2019Acad\u00e9mie <\/span><span style=\"color: #000000;\">fran\u00e7aise, livre paru juste avant la guerre.<\/span><br><a href=\"https:\/\/www.georgesnaef.com\/la-chine-des-annees-80\/\"><span style=\"color: #ff0000;\"><strong>Lire la suite&#8230;<\/strong><\/span><\/a><\/span><\/span><\/p>\n<\/td>\n<td>\n<p>&nbsp;<\/p>\n<\/td>\n<\/tr>\n<tr>\n<td>\n<p><span style=\"font-family: arial, helvetica, sans-serif; font-size: 10pt;\"><span style=\"color: #000080;\"><strong><em><a href=\"https:\/\/www.georgesnaef.com\/cesar-incognito\/\"><img loading=\"lazy\" decoding=\"async\" class=\"alignleft wp-image-1660 size-thumbnail\" src=\"https:\/\/www.georgesnaef.com\/wp-content\/uploads\/2021\/06\/cesar-incognito-150x150.jpg\" alt=\"\" width=\"150\" height=\"150\"><\/a>Luc Long et Lionel Roux<br><\/em><\/strong><\/span>Fallait bien qu&rsquo;il s&rsquo;occupe ! C\u00e9sar confin\u00e9 dans un espace-temps \u00e9gar\u00e9 dans le cryptoportique, clandestin et fantomatique, \u00e9tranger et ressuscit\u00e9, surpris par des paparazzis de l&rsquo;histoire.<\/span><\/p>\n<p><span style=\"font-family: arial, helvetica, sans-serif; font-size: 10pt;\">Un floril\u00e8ge de photos et de dessins h\u00e9t\u00e9roclites, griffonn\u00e9s de textes surr\u00e9aliste et d&rsquo;aventures d\u00e9cal\u00e9es.<\/span><\/p>\n<\/td>\n<td>\n<p>&nbsp;<\/p>\n<\/td>\n<\/tr>\n<tr>\n<td>\n<p><span style=\"font-family: arial, helvetica, sans-serif; font-size: 10pt;\"><span style=\"color: #000080;\"><strong><em><a href=\"https:\/\/www.georgesnaef.com\/camargue-maritime\/\"><img loading=\"lazy\" decoding=\"async\" class=\"alignleft wp-image-1822 size-thumbnail\" src=\"https:\/\/www.georgesnaef.com\/wp-content\/uploads\/2021\/10\/NAEF-CAMARGUE-COUV-1-NEW-150x150.jpg\" alt=\"\" width=\"150\" height=\"150\"><\/a>Luc Long<br><\/em><\/strong><\/span>Vingt six si\u00e8cles de navigation en Camargue, sur les traces des \u00e9paves et d\u2019un port antique au large des Saintes-Marie-de-la-Mer.<\/span><br><span style=\"font-family: arial, helvetica, sans-serif; font-size: 10pt;\">Les premi\u00e8res fouilles commencent en 1981 sous la direction de l\u2019arch\u00e9ologue sous-marin Luc Long, conservateur en chef du patrimoine et membre de l\u2019Acad\u00e9mie des Sciences, lettres et Arts de Marseille.&nbsp;<\/span><\/p>\n<p><span style=\"font-family: arial, helvetica, sans-serif; font-size: 10pt;\"><strong>Parution : Octobre 2021<\/strong><\/span><\/p>\n<\/td>\n<td>\n<p>&nbsp;<\/p>\n<\/td>\n<\/tr>\n<tr>\n<td><span style=\"font-family: arial, helvetica, sans-serif; font-size: 10pt;\"><strong><em><span style=\"color: #000080;\"><a href=\"https:\/\/www.georgesnaef.com\/saint-emilion-voyage-dans-linconnu\/\"><img loading=\"lazy\" decoding=\"async\" class=\"alignleft wp-image-630 size-thumbnail\" src=\"https:\/\/www.georgesnaef.com\/wp-content\/uploads\/2019\/01\/st-emilion-2-150x150.jpg\" alt=\"\" width=\"150\" height=\"150\"><\/a>Fran\u00e7ois Querre, Jacques de Givry<\/span><br><\/em><\/strong>Un site sacr\u00e9 rec\u00e8le souvent des secrets.<\/span><br><span style=\"font-family: arial, helvetica, sans-serif; font-size: 10pt;\">Pour les d\u00e9couvrir, il faut apprendre \u00e0 voir, \u00e0 regarder les ornements d\u2019un \u0153il neuf, \u00e0 d\u00e9chiffrer des \u00e9nigmes.<\/span><br><span style=\"font-family: arial, helvetica, sans-serif; font-size: 10pt;\">Ce livre propose un exercice pratique passionnant.<br>Nouvelle \u00e9dition 2021 &#8211; Excite aussi en anglais<\/span><\/td>\n<td>&nbsp;<\/td>\n<\/tr>\n<tr>\n<td><span style=\"font-family: arial, helvetica, sans-serif; font-size: 10pt;\"><strong><em><span style=\"color: #000080;\"><a href=\"https:\/\/www.georgesnaef.com\/saint-emilion-quand-les-pierres-parlent\/\"><img loading=\"lazy\" decoding=\"async\" class=\"alignleft wp-image-625 size-thumbnail\" src=\"https:\/\/www.georgesnaef.com\/wp-content\/uploads\/2019\/01\/st-emilion-1-150x150.jpg\" alt=\"\" width=\"150\" height=\"150\"><\/a>Fran\u00e7ois Querre, Jacques de Givry<\/span><br><\/em><\/strong>Voici une excursion peu ordinaire aux \u00ab racines \u00bb de Saint-\u00c9milion en suivant une sorte de jeu de piste, grav\u00e9 par les fondateurs du site dans le rocher comme dans un livre de pierre.<\/span><br><span style=\"font-family: arial, helvetica, sans-serif; font-size: 10pt;\">Nouvelle \u00e9dition 2021 &#8211; Excite aussi en anglais<\/span><\/td>\n<td>&nbsp;<\/td>\n<\/tr>\n<\/tbody>\n<\/table>\n\n\n<p><p style=\"text-align: center;\"><a href=\"https:\/\/www.georgesnaef.com\/boutique\/\"><em><strong><span style=\"font-size: 16pt;\">Achetez nos \u00e9ditions en ligne<\/span><\/strong><\/em><\/a><\/p>\n<table style=\"height: 161px;\" width=\"754\">\n<tbody>\n<tr>\n<td>\n<p style=\"text-align: left;\"><span style=\"font-family: arial, helvetica, sans-serif; font-size: 10pt;\"><span style=\"color: #000080;\"><span style=\"color: #000000;\"><strong><em><span style=\"color: #333399;\"><span style=\"font-family: arial, helvetica, sans-serif;\" data-wp-editing=\"1\"><a href=\"https:\/\/www.georgesnaef.com\/couverture-salin-2\/\"><img loading=\"lazy\" decoding=\"async\" class=\"size-thumbnail wp-image-2023 alignleft\" src=\"https:\/\/www.georgesnaef.com\/wp-content\/uploads\/2025\/04\/couverture-salin-150x150.jpg\" alt=\"\" width=\"150\" height=\"150\"><\/a>Ariane FORNIA \u2022 Sylvie BRUNEL<br><\/span><\/span><\/em><\/strong><span style=\"font-family: arial, helvetica, sans-serif;\">La Camargue et le sel, c\u2019est une longue histoire\u2026<\/span><span style=\"font-family: arial, helvetica, sans-serif;\"><br>N\u00e9e sous le signe du sel, \u00e0 l\u2019ouest du delta du Rh\u00f4ne, l\u2019\u00e9pop\u00e9e du sel est<br>romaine et m\u00e9di\u00e9vale.<br>Depuis la nuit des temps, Aigues-Morte, d\u2019o\u00f9 partirent les croisades, est<br>la ville du sel. Le petit village des Salin-de-Giraud, au bout du monde, qui<br>rend amoureux tous ceux qui font souche, a \u00e9t\u00e9 fond\u00e9 pour le sel.<br><\/span><span style=\"font-family: arial, helvetica, sans-serif;\">Ce livre retrace cette merveilleuse aventure qu\u2019est le sel de Camargue.<\/span><strong><em><span style=\"color: #333399;\"><span style=\"font-family: arial, helvetica, sans-serif;\"><br><\/span><\/span><\/em><\/strong><\/span><\/span><\/span><\/p>\n<\/td>\n<td>&nbsp;<\/td>\n<\/tr>\n<tr>\n<td>\n<p style=\"text-align: left;\" data-wp-editing=\"1\"><span style=\"font-family: arial, helvetica, sans-serif; font-size: 10pt;\"><span style=\"color: #000080;\"><span style=\"color: #000000;\"><strong><em><span style=\"color: #333399;\"><a href=\"https:\/\/www.georgesnaef.com\/picasso-la-femme-et-le-toro\/\"><img loading=\"lazy\" decoding=\"async\" class=\"alignleft wp-image-1928\" src=\"https:\/\/www.georgesnaef.com\/wp-content\/uploads\/2023\/02\/couverture-avec-logo-fondation-picasso-224x300.jpg\" alt=\"picasso la femme et le toro\" width=\"152\" height=\"204\" srcset=\"https:\/\/www.naef.douce-france.net\/wp-content\/uploads\/2023\/02\/couverture-avec-logo-fondation-picasso-224x300.jpg 224w, https:\/\/www.naef.douce-france.net\/wp-content\/uploads\/2023\/02\/couverture-avec-logo-fondation-picasso.jpg 747w\" sizes=\"auto, (max-width: 152px) 100vw, 152px\" \/><\/a><span style=\"font-family: arial, helvetica, sans-serif;\">Annie Ma\u00efllis<\/span><br><\/span><\/em><\/strong><span style=\"font-family: arial, helvetica, sans-serif;\"><span style=\"color: #333399;\"><span style=\"color: #000000;\">Si plusieurs \u00e9tudes se sont centr\u00e9es sur la repr\u00e9sentation de la femme, tr\u00e8s rares sont <\/span><\/span><span style=\"color: #333399;\"><span style=\"color: #000000;\">celles qui ont abord\u00e9 celle du taureau &#8211; pourtant motif essentiel chez l\u2019artiste -, et aucune n\u2019a <\/span><span style=\"color: #000000;\">trait\u00e9 de la double th\u00e9matique liant les deux sujets qui parcourent l\u2019\u0153uvre entier de l\u2019artiste, <\/span><\/span><span style=\"color: #333399;\"><span style=\"color: #000000;\">jusqu\u2019\u00e0 l\u2019obsession.<br><\/span><\/span><\/span><\/span><\/span><\/span><span style=\"font-family: arial, helvetica, sans-serif; font-size: 10pt;\">L\u2019oeuvre monumental de Picasso est parcouru depuis ses premiers dessins <\/span><span style=\"font-family: arial, helvetica, sans-serif; font-size: 10pt;\">d\u2019enfant jusqu\u2019\u00e0 ses derni\u00e8res gravures par deux figures : celle de la femme <\/span><span style=\"font-family: arial, helvetica, sans-serif; font-size: 10pt;\">et celle du taureau. L\u2019artiste les a conjugu\u00e9es dans de nombreuses variations, <\/span><span style=\"font-family: arial, helvetica, sans-serif; font-size: 10pt;\">repr\u00e9sentatives de son \u00e9volution sur plusieurs plans : intime, id\u00e9ologique,<\/span><br><span style=\"font-family: arial, helvetica, sans-serif; font-size: 10pt;\">historique et, bien entendu, esth\u00e9tique. Or, ces deux axes autour desquels<\/span><br><span style=\"font-family: arial, helvetica, sans-serif; font-size: 10pt;\">gravite sa cr\u00e9ation subissent aujourd\u2019hui les assauts d\u2019une cancel culture qui les<\/span><br><span style=\"font-family: arial, helvetica, sans-serif; font-size: 10pt;\">condamne pr\u00e9textant que Picasso aurait \u00e9t\u00e9 un amant violent et un aficionado<\/span><br><span style=\"font-family: arial, helvetica, sans-serif; font-size: 10pt;\">convaincu.<\/span><\/p>\n<\/td>\n<td>\n<p style=\"text-align: left;\">&nbsp;<\/p>\n<\/td>\n<\/tr>\n<tr>\n<td>\n<p><span style=\"font-family: arial, helvetica, sans-serif; font-size: 10pt;\"><span style=\"color: #000080;\"><a href=\"https:\/\/www.georgesnaef.com\/la-chine-des-annees-80\/\"><strong><em><img loading=\"lazy\" decoding=\"async\" class=\"size-thumbnail wp-image-1886 alignleft\" src=\"https:\/\/www.georgesnaef.com\/wp-content\/uploads\/2022\/08\/chine-annee-80-150x150.jpg\" alt=\"chine ann\u00e9e 80\" width=\"150\" height=\"150\"><\/em><\/strong><\/a><span style=\"color: #000000;\"><strong><em><span style=\"color: #333399;\">Jean Andriot<\/span><br><\/em><\/strong><\/span><\/span><span style=\"color: #000080;\"><span style=\"color: #000000;\">Je ne suis pas un sp\u00e9cialiste de la Chine.<\/span><br><span style=\"color: #000000;\">Mais il s\u2019est trouv\u00e9 que je fus d\u00e9sign\u00e9 pour faire partie, en 1985, d\u2019une mission <\/span><span style=\"color: #000000;\">fran\u00e7aise, suite \u00e0 une invitation du gouvernement chinois.<\/span><br><span style=\"color: #000000;\">Cette mission \u00e9tait dirig\u00e9e par le Commissaire au Plan fran\u00e7ais. Et on m\u2019y <\/span><span style=\"color: #000000;\">avait associ\u00e9, compte tenu de mon exp\u00e9rience ant\u00e9rieure dans l\u2019\u00e9laboration <\/span><span style=\"color: #000000;\">du plan \u00e9nerg\u00e9tique fran\u00e7ais, dans les ann\u00e9es soixante puis dans celle de sa <\/span><span style=\"color: #000000;\">mise en \u0153uvre \u00e0 EDF-GDF dans les ann\u00e9es suivantes.<\/span><br><span style=\"color: #000000;\">Mes connaissances sur la Chine se limitaient jusque l\u00e0 aux informations <\/span><span style=\"color: #000000;\">donn\u00e9es par les m\u00e9dias, hormis toutefois celles que j\u2019avais acquises par la <\/span><span style=\"color: #000000;\">lecture du livre sur l\u2019histoire de la Chine, de Ren\u00e9 Grousset de l\u2019Acad\u00e9mie <\/span><span style=\"color: #000000;\">fran\u00e7aise, livre paru juste avant la guerre.<\/span><br><a href=\"https:\/\/www.georgesnaef.com\/la-chine-des-annees-80\/\"><span style=\"color: #ff0000;\"><strong>Lire la suite&#8230;<\/strong><\/span><\/a><\/span><\/span><\/p>\n<\/td>\n<td>\n<p>&nbsp;<\/p>\n<\/td>\n<\/tr>\n<tr>\n<td>\n<p><span style=\"font-family: arial, helvetica, sans-serif; font-size: 10pt;\"><span style=\"color: #000080;\"><strong><em><a href=\"https:\/\/www.georgesnaef.com\/cesar-incognito\/\"><img loading=\"lazy\" decoding=\"async\" class=\"alignleft wp-image-1660 size-thumbnail\" src=\"https:\/\/www.georgesnaef.com\/wp-content\/uploads\/2021\/06\/cesar-incognito-150x150.jpg\" alt=\"\" width=\"150\" height=\"150\"><\/a>Luc Long et Lionel Roux<br><\/em><\/strong><\/span>Fallait bien qu&rsquo;il s&rsquo;occupe ! C\u00e9sar confin\u00e9 dans un espace-temps \u00e9gar\u00e9 dans le cryptoportique, clandestin et fantomatique, \u00e9tranger et ressuscit\u00e9, surpris par des paparazzis de l&rsquo;histoire.<\/span><\/p>\n<p><span style=\"font-family: arial, helvetica, sans-serif; font-size: 10pt;\">Un floril\u00e8ge de photos et de dessins h\u00e9t\u00e9roclites, griffonn\u00e9s de textes surr\u00e9aliste et d&rsquo;aventures d\u00e9cal\u00e9es.<\/span><\/p>\n<\/td>\n<td>\n<p>&nbsp;<\/p>\n<\/td>\n<\/tr>\n<tr>\n<td>\n<p><span style=\"font-family: arial, helvetica, sans-serif; font-size: 10pt;\"><span style=\"color: #000080;\"><strong><em><a href=\"https:\/\/www.georgesnaef.com\/camargue-maritime\/\"><img loading=\"lazy\" decoding=\"async\" class=\"alignleft wp-image-1822 size-thumbnail\" src=\"https:\/\/www.georgesnaef.com\/wp-content\/uploads\/2021\/10\/NAEF-CAMARGUE-COUV-1-NEW-150x150.jpg\" alt=\"\" width=\"150\" height=\"150\"><\/a>Luc Long<br><\/em><\/strong><\/span>Vingt six si\u00e8cles de navigation en Camargue, sur les traces des \u00e9paves et d\u2019un port antique au large des Saintes-Marie-de-la-Mer.<\/span><br><span style=\"font-family: arial, helvetica, sans-serif; font-size: 10pt;\">Les premi\u00e8res fouilles commencent en 1981 sous la direction de l\u2019arch\u00e9ologue sous-marin Luc Long, conservateur en chef du patrimoine et membre de l\u2019Acad\u00e9mie des Sciences, lettres et Arts de Marseille.&nbsp;<\/span><\/p>\n<p><span style=\"font-family: arial, helvetica, sans-serif; font-size: 10pt;\"><strong>Parution : Octobre 2021<\/strong><\/span><\/p>\n<\/td>\n<td>\n<p>&nbsp;<\/p>\n<\/td>\n<\/tr>\n<tr>\n<td><span style=\"font-family: arial, helvetica, sans-serif; font-size: 10pt;\"><strong><em><span style=\"color: #000080;\"><a href=\"https:\/\/www.georgesnaef.com\/saint-emilion-voyage-dans-linconnu\/\"><img loading=\"lazy\" decoding=\"async\" class=\"alignleft wp-image-630 size-thumbnail\" src=\"https:\/\/www.georgesnaef.com\/wp-content\/uploads\/2019\/01\/st-emilion-2-150x150.jpg\" alt=\"\" width=\"150\" height=\"150\"><\/a>Fran\u00e7ois Querre, Jacques de Givry<\/span><br><\/em><\/strong>Un site sacr\u00e9 rec\u00e8le souvent des secrets.<\/span><br><span style=\"font-family: arial, helvetica, sans-serif; font-size: 10pt;\">Pour les d\u00e9couvrir, il faut apprendre \u00e0 voir, \u00e0 regarder les ornements d\u2019un \u0153il neuf, \u00e0 d\u00e9chiffrer des \u00e9nigmes.<\/span><br><span style=\"font-family: arial, helvetica, sans-serif; font-size: 10pt;\">Ce livre propose un exercice pratique passionnant.<br>Nouvelle \u00e9dition 2021 &#8211; Excite aussi en anglais<\/span><\/td>\n<td>&nbsp;<\/td>\n<\/tr>\n<tr>\n<td><span style=\"font-family: arial, helvetica, sans-serif; font-size: 10pt;\"><strong><em><span style=\"color: #000080;\"><a href=\"https:\/\/www.georgesnaef.com\/saint-emilion-quand-les-pierres-parlent\/\"><img loading=\"lazy\" decoding=\"async\" class=\"alignleft wp-image-625 size-thumbnail\" src=\"https:\/\/www.georgesnaef.com\/wp-content\/uploads\/2019\/01\/st-emilion-1-150x150.jpg\" alt=\"\" width=\"150\" height=\"150\"><\/a>Fran\u00e7ois Querre, Jacques de Givry<\/span><br><\/em><\/strong>Voici une excursion peu ordinaire aux \u00ab racines \u00bb de Saint-\u00c9milion en suivant une sorte de jeu de piste, grav\u00e9 par les fondateurs du site dans le rocher comme dans un livre de pierre.<\/span><br><span style=\"font-family: arial, helvetica, sans-serif; font-size: 10pt;\">Nouvelle \u00e9dition 2021 &#8211; Excite aussi en anglais<\/span><\/td>\n<td>&nbsp;<\/td>\n<\/tr>\n<\/tbody>\n<\/table><\/p>\n","protected":false},"excerpt":{"rendered":"<p>Achetez nos \u00e9ditions en ligne Ariane FORNIA \u2022 Sylvie BRUNELLa Camargue et le sel, c\u2019est une longue histoire\u2026N\u00e9e sous le signe du sel, \u00e0 l\u2019ouest du delta du Rh\u00f4ne, l\u2019\u00e9pop\u00e9e du sel estromaine et m\u00e9di\u00e9vale.Depuis la nuit des temps, Aigues-Morte, d\u2019o\u00f9 partirent les croisades, estla ville du sel. Le petit village des Salin-de-Giraud, au bout [&hellip;]<\/p>\n","protected":false},"author":2,"featured_media":0,"parent":0,"menu_order":0,"comment_status":"closed","ping_status":"closed","template":"","meta":{"ngg_post_thumbnail":0,"footnotes":""},"class_list":["post-1756","page","type-page","status-publish","hentry"],"_links":{"self":[{"href":"https:\/\/www.naef.douce-france.net\/index.php\/wp-json\/wp\/v2\/pages\/1756","targetHints":{"allow":["GET"]}}],"collection":[{"href":"https:\/\/www.naef.douce-france.net\/index.php\/wp-json\/wp\/v2\/pages"}],"about":[{"href":"https:\/\/www.naef.douce-france.net\/index.php\/wp-json\/wp\/v2\/types\/page"}],"author":[{"embeddable":true,"href":"https:\/\/www.naef.douce-france.net\/index.php\/wp-json\/wp\/v2\/users\/2"}],"replies":[{"embeddable":true,"href":"https:\/\/www.naef.douce-france.net\/index.php\/wp-json\/wp\/v2\/comments?post=1756"}],"version-history":[{"count":0,"href":"https:\/\/www.naef.douce-france.net\/index.php\/wp-json\/wp\/v2\/pages\/1756\/revisions"}],"wp:attachment":[{"href":"https:\/\/www.naef.douce-france.net\/index.php\/wp-json\/wp\/v2\/media?parent=1756"}],"curies":[{"name":"wp","href":"https:\/\/api.w.org\/{rel}","templated":true}]}}