{"id":17,"date":"2018-12-14T13:33:47","date_gmt":"2018-12-14T12:33:47","guid":{"rendered":"http:\/\/www.georgesnaef.com\/?page_id=17"},"modified":"2025-08-03T15:08:19","modified_gmt":"2025-08-03T15:08:19","slug":"accueil","status":"publish","type":"page","link":"https:\/\/www.naef.douce-france.net\/","title":{"rendered":""},"content":{"rendered":"<p style=\"text-align: center;\"><span style=\"font-size: 16pt;\"><span style=\"font-size: 18pt; font-family: 'times new roman', times, serif; font-weight: bold;\">L&rsquo;\u00e9dition pour passion<br>Beaux Livres &#8211; Livres d&rsquo;art &#8211; Livres de voyages<br><\/span><span style=\"color: #ff0000;\"><span style=\"font-size: 16pt;\"><a href=\"https:\/\/www.naef.douce-france.net\/index.php\/nos-nouveautes\/\"><b style=\"color: #ff0000; font-size: 16pt;\">Nouveaut\u00e9 Parution <\/b><\/a><b style=\"color: #ff0000; font-size: 16pt;\">2025 :&nbsp;<br><span style=\"font-family: arial, helvetica, sans-serif; color: #808000;\">MERVEILLEUX SALINS DU MIDI &#8211; <span style=\"color: #000000;\">En vente<br><span style=\"color: #808000;\">ATLANTIDE L\u2019UTOPIE RETROUV\u00c9E &#8211;<\/span> Parution Octobre 2025<\/span><\/span><br><\/b><\/span><\/span><\/span><span style=\"font-size: 16pt;\"><span style=\"color: #ff0000;\"><span style=\"color: #808000; font-family: arial, helvetica, sans-serif;\"><b><\/b><span style=\"font-size: 21.3333px;\"><b><b style=\"color: #ff0000; font-size: 16pt;\"><a href=\"https:\/\/www.naef.douce-france.net\/nos-nouveautes\/\">Nos Derni\u00e8res parutions :<\/a>&nbsp; <br><\/b><\/b><\/span><b><\/b><b><span style=\"color: #808000;\"><b style=\"font-size: 16pt;\">MERVEILLEUX SALINS DU MIDI &#8211; <\/b><\/span>Picasso la femme et le toro &#8211; <br><\/b><\/span><\/span><\/span><span style=\"font-size: 16pt;\"><span style=\"color: #ff0000;\"><span style=\"color: #808000; font-family: arial, helvetica, sans-serif;\"><b>C\u00e9sar<\/b><b><\/b><\/span><span style=\"color: #808000;\"><span style=\"font-size: 16pt;\"><b> Incognito &#8211; Camargue Maritime &#8211;<\/b><\/span><span style=\"font-size: 16pt;\"><b> La Chine des ann\u00e9es 80<\/b><\/span><\/span><\/span><br><a style=\"color: #ff0000; font-size: 16pt;\" href=\"https:\/\/www.georgesnaef.com\/boutique\/\"><em><strong>Achetez nos \u00e9ditions en ligne<\/strong><\/em><\/a><\/span><\/p>\n<hr>\n<p style=\"text-align: center;\"><span style=\"font-size: 16pt;\"><b><\/b><br><\/span><span style=\"font-size: 18pt;\"><em><strong><span style=\"font-family: 'times new roman', times, serif;\">Les \u00e9ditions Georges Naef d\u00e9clinent leurs publications en cinq collections dont quatre th\u00e9matiques :<\/span><\/strong><\/em><\/span><\/p>\n<p style=\"text-align: left;\"><span style=\"font-size: 14pt;\"><a href=\"https:\/\/www.georgesnaef.com\/esprit-des-arts\/\"><strong><span style=\"font-family: 'times new roman', times, serif;\">L&rsquo;E<\/span><span style=\"font-family: 'times new roman', times, serif;\"><strong>sprit de<\/strong>s Arts<\/span><\/strong><\/a><strong><span style=\"font-family: 'times new roman', times, serif;\">&nbsp;&#8211; Un regard nouveau et r\u00e9f\u00e9renc\u00e9 sur les grands sujets du monde des arts.<\/span><\/strong><\/span><\/p>\n<p style=\"text-align: left;\"><strong><span style=\"font-family: 'times new roman', times, serif; font-size: 14pt;\"><a href=\"https:\/\/www.georgesnaef.com\/aventure-du-monde\/\">L&rsquo;Aventure du monde<\/a>&nbsp;&#8211; Civilisations, \u00e9cosyst\u00e8mes et grands hommes qui ont marqu\u00e9s l&rsquo;histoire de l&rsquo;humanit\u00e9&#8230;<\/span><\/strong><\/p>\n<p style=\"text-align: left;\"><strong><span style=\"font-family: 'times new roman', times, serif; font-size: 14pt;\"><a href=\"https:\/\/www.georgesnaef.com\/terres-de-passion\/\">Terre de passion<\/a>&nbsp; &#8211;&nbsp; Paysages f\u00e9\u00e9riques, communaut\u00e9s de vie fig\u00e9es dans leurs traditions&#8230;<\/span><\/strong><\/p>\n<p style=\"text-align: left;\"><strong><span style=\"font-family: 'times new roman', times, serif; font-size: 14pt;\"><a href=\"https:\/\/www.georgesnaef.com\/evasion\/\">\u00c9vasion<\/a> &#8211;&nbsp;Endroits de r\u00eaves, appels aux voyages et a l&rsquo;\u00e9vasion.<\/span><\/strong><\/p>\n<p style=\"text-align: left;\"><strong><span style=\"font-family: 'times new roman', times, serif; font-size: 14pt;\"><a href=\"https:\/\/www.georgesnaef.com\/hors-collection\/\">Hors-collection<\/a> &#8211;&nbsp;Ouvrages passionnants et atypiques<\/span><\/strong><\/p>\n<hr>\n<p style=\"text-align: left;\">&nbsp;<\/p>\n\n\n<div class=\"wide\"><ul id=\"liste-galeries\">\n<li><a href=\"https:\/\/www.georgesnaef.com\/esprit-des-arts\/\"><img decoding=\"async\" src=\"http:\/\/www.naef.douce-france.net\/wp-content\/uploads\/2019\/04\/esprit-des-arts.jpg\" alt=\"collection-espritdesarts\"><\/a><\/li>\n<li><a href=\"https:\/\/www.georgesnaef.com\/aventure-du-monde\/\"><img decoding=\"async\" src=\"http:\/\/www.naef.douce-france.net\/wp-content\/uploads\/2019\/04\/aventuredumonde-v2.jpg\" alt=\"collections-aventure\"><\/a><\/li>\n<li><a href=\"https:\/\/www.georgesnaef.com\/terres-de-passion\/\"><img decoding=\"async\" src=\"http:\/\/www.naef.douce-france.net\/wp-content\/uploads\/2019\/04\/terresdepassion.jpg\" alt=\"terrespassion\"><\/a><\/li>\n<li><a href=\"https:\/\/www.georgesnaef.com\/evasion\/\"><img decoding=\"async\" src=\"http:\/\/www.naef.douce-france.net\/wp-content\/uploads\/2019\/04\/evasion-v2.jpg\" alt=\"collection-evasion\"><\/a><\/li>\n<li><a href=\"https:\/\/www.georgesnaef.com\/hors-collection\/\"><img decoding=\"async\" src=\"http:\/\/www.naef.douce-france.net\/wp-content\/uploads\/2019\/04\/hors-collection-v2.jpg\" alt=\"horscollection\"><\/a><\/li>\n<\/ul>\n<\/div>\n\n\n\n<figure style=\"text-align:center;\"><iframe loading=\"lazy\" style=\"width: 700; height: 400;\" src=\"https:\/\/www.georgesnaef.com\/wp-content\/uploads\/fliphtml5\/23\/book.html\" scrolling=\"no\" seamless=\"seamless\" allowfullscreen=\"allowfullscreen\" width=\"700\" height=\"400\" frameborder=\"0\"><\/iframe><\/figure>\n\n\n\n\n\n<p><\/p>\n","protected":false},"excerpt":{"rendered":"<p>L&rsquo;\u00e9dition pour passionBeaux Livres &#8211; Livres d&rsquo;art &#8211; Livres de voyagesNouveaut\u00e9 Parution 2025 :&nbsp;MERVEILLEUX SALINS DU MIDI &#8211; En venteATLANTIDE L\u2019UTOPIE RETROUV\u00c9E &#8211; Parution Octobre 2025Nos Derni\u00e8res parutions :&nbsp; MERVEILLEUX SALINS DU MIDI &#8211; Picasso la femme et le toro &#8211; C\u00e9sar Incognito &#8211; Camargue Maritime &#8211; La Chine des ann\u00e9es 80Achetez nos \u00e9ditions en [&hellip;]<\/p>\n","protected":false},"author":2,"featured_media":0,"parent":0,"menu_order":0,"comment_status":"closed","ping_status":"closed","template":"page-templates\/page-nosidebars.php","meta":{"ngg_post_thumbnail":0,"footnotes":""},"class_list":["post-17","page","type-page","status-publish","hentry"],"_links":{"self":[{"href":"https:\/\/www.naef.douce-france.net\/index.php\/wp-json\/wp\/v2\/pages\/17","targetHints":{"allow":["GET"]}}],"collection":[{"href":"https:\/\/www.naef.douce-france.net\/index.php\/wp-json\/wp\/v2\/pages"}],"about":[{"href":"https:\/\/www.naef.douce-france.net\/index.php\/wp-json\/wp\/v2\/types\/page"}],"author":[{"embeddable":true,"href":"https:\/\/www.naef.douce-france.net\/index.php\/wp-json\/wp\/v2\/users\/2"}],"replies":[{"embeddable":true,"href":"https:\/\/www.naef.douce-france.net\/index.php\/wp-json\/wp\/v2\/comments?post=17"}],"version-history":[{"count":8,"href":"https:\/\/www.naef.douce-france.net\/index.php\/wp-json\/wp\/v2\/pages\/17\/revisions"}],"predecessor-version":[{"id":2099,"href":"https:\/\/www.naef.douce-france.net\/index.php\/wp-json\/wp\/v2\/pages\/17\/revisions\/2099"}],"wp:attachment":[{"href":"https:\/\/www.naef.douce-france.net\/index.php\/wp-json\/wp\/v2\/media?parent=17"}],"curies":[{"name":"wp","href":"https:\/\/api.w.org\/{rel}","templated":true}]}}