{"id":1659,"date":"2021-06-09T15:27:59","date_gmt":"2021-06-09T13:27:59","guid":{"rendered":"https:\/\/www.georgesnaef.com\/?page_id=1659"},"modified":"2021-06-09T15:27:59","modified_gmt":"2021-06-09T13:27:59","slug":"cesar-incognito-2","status":"publish","type":"page","link":"https:\/\/www.naef.douce-france.net\/index.php\/cesar-incognito-2\/","title":{"rendered":"C\u00c9SAR INCOGNITO"},"content":{"rendered":"<p><span style=\"font-size: 10pt;\"><span style=\"font-family: arial, helvetica, sans-serif; color: #000080;\"><strong><em><img loading=\"lazy\" decoding=\"async\" class=\"size-medium wp-image-1660 alignleft\" src=\"https:\/\/www.georgesnaef.com\/wp-content\/uploads\/2021\/06\/cesar-incognito-290x300.jpg\" alt=\"\" width=\"290\" height=\"300\" srcset=\"https:\/\/www.naef.douce-france.net\/wp-content\/uploads\/2021\/06\/cesar-incognito-290x300.jpg 290w, https:\/\/www.naef.douce-france.net\/wp-content\/uploads\/2021\/06\/cesar-incognito-991x1024.jpg 991w, https:\/\/www.naef.douce-france.net\/wp-content\/uploads\/2021\/06\/cesar-incognito-768x794.jpg 768w, https:\/\/www.naef.douce-france.net\/wp-content\/uploads\/2021\/06\/cesar-incognito.jpg 1464w\" sizes=\"auto, (max-width: 290px) 100vw, 290px\" \/>Luc Long et Lionel Roux<br \/>\n<\/em><\/strong><\/span><\/span><span style=\"font-family: arial, helvetica, sans-serif;\"><span style=\"font-size: 13.3333px;\">Fallait bien qu&rsquo;il s&rsquo;occupe ! C\u00e9sar confin\u00e9 dans un espace-temps \u00e9gar\u00e9 dans le cryptoportique, clandestin et fantomatique, \u00e9tranger et ressuscit\u00e9, surpris par des paparazzis de l&rsquo;histoire.<\/span><\/span><\/p>\n<p><span style=\"font-family: arial, helvetica, sans-serif; font-size: 10pt;\">Un floril\u00e8ge de photos et de dessins h\u00e9t\u00e9roclites, griffonn\u00e9s de textes surr\u00e9aliste et d&rsquo;aventures d\u00e9cal\u00e9es<\/span>.<\/p>\n<p><span style=\"font-family: arial, helvetica, sans-serif; font-size: 12pt;\"><strong>\u20ac 14.80.&#8211;&nbsp; &nbsp;CHF 17.80&#8211;<\/strong><\/span><\/p>\n<hr>\n<p>&nbsp;<\/p>\n<p><a href=\"https:\/\/www.georgesnaef.com\/produit\/cesar-incognito\/\"><span style=\"font-size: 14pt; color: #ff0000;\"><strong>ACHETER<\/strong><\/span><\/a><\/p>\n<p><a href=\"http:\/\/www.naef.douce-france.net\/wp-content\/uploads\/2021\/06\/CESAR-flyer1.jpg\"><img loading=\"lazy\" decoding=\"async\" class=\"alignleft wp-image-1661\" src=\"https:\/\/www.georgesnaef.com\/wp-content\/uploads\/2021\/06\/CESAR-flyer1-793x1024.jpg\" alt=\"\" width=\"259\" height=\"334\" srcset=\"https:\/\/www.naef.douce-france.net\/wp-content\/uploads\/2021\/06\/CESAR-flyer1-793x1024.jpg 793w, https:\/\/www.naef.douce-france.net\/wp-content\/uploads\/2021\/06\/CESAR-flyer1-232x300.jpg 232w, https:\/\/www.naef.douce-france.net\/wp-content\/uploads\/2021\/06\/CESAR-flyer1-768x992.jpg 768w, https:\/\/www.naef.douce-france.net\/wp-content\/uploads\/2021\/06\/CESAR-flyer1.jpg 827w\" sizes=\"auto, (max-width: 259px) 100vw, 259px\" \/><\/a><\/p>\n<p><a href=\"http:\/\/www.naef.douce-france.net\/wp-content\/uploads\/2021\/06\/CESAR-COMM-A4-Flyers.jpg\"><img loading=\"lazy\" decoding=\"async\" class=\"wp-image-1663 alignleft\" src=\"https:\/\/www.georgesnaef.com\/wp-content\/uploads\/2021\/06\/CESAR-COMM-A4-Flyers-678x1024.jpg\" alt=\"\" width=\"259\" height=\"391\" srcset=\"https:\/\/www.naef.douce-france.net\/wp-content\/uploads\/2021\/06\/CESAR-COMM-A4-Flyers-678x1024.jpg 678w, https:\/\/www.naef.douce-france.net\/wp-content\/uploads\/2021\/06\/CESAR-COMM-A4-Flyers-199x300.jpg 199w, https:\/\/www.naef.douce-france.net\/wp-content\/uploads\/2021\/06\/CESAR-COMM-A4-Flyers.jpg 764w\" sizes=\"auto, (max-width: 259px) 100vw, 259px\" \/><\/a><\/p>\n","protected":false},"excerpt":{"rendered":"<p>Luc Long et Lionel Roux Fallait bien qu&rsquo;il s&rsquo;occupe ! C\u00e9sar confin\u00e9 dans un espace-temps \u00e9gar\u00e9 dans le cryptoportique, clandestin et fantomatique, \u00e9tranger et ressuscit\u00e9, surpris par des paparazzis de l&rsquo;histoire. Un floril\u00e8ge de photos et de dessins h\u00e9t\u00e9roclites, griffonn\u00e9s de textes surr\u00e9aliste et d&rsquo;aventures d\u00e9cal\u00e9es. \u20ac 14.80.&#8211;&nbsp; &nbsp;CHF 17.80&#8211; &nbsp; ACHETER<\/p>\n","protected":false},"author":2,"featured_media":0,"parent":0,"menu_order":0,"comment_status":"closed","ping_status":"closed","template":"","meta":{"ngg_post_thumbnail":0,"footnotes":""},"class_list":["post-1659","page","type-page","status-publish","hentry"],"_links":{"self":[{"href":"https:\/\/www.naef.douce-france.net\/index.php\/wp-json\/wp\/v2\/pages\/1659","targetHints":{"allow":["GET"]}}],"collection":[{"href":"https:\/\/www.naef.douce-france.net\/index.php\/wp-json\/wp\/v2\/pages"}],"about":[{"href":"https:\/\/www.naef.douce-france.net\/index.php\/wp-json\/wp\/v2\/types\/page"}],"author":[{"embeddable":true,"href":"https:\/\/www.naef.douce-france.net\/index.php\/wp-json\/wp\/v2\/users\/2"}],"replies":[{"embeddable":true,"href":"https:\/\/www.naef.douce-france.net\/index.php\/wp-json\/wp\/v2\/comments?post=1659"}],"version-history":[{"count":0,"href":"https:\/\/www.naef.douce-france.net\/index.php\/wp-json\/wp\/v2\/pages\/1659\/revisions"}],"wp:attachment":[{"href":"https:\/\/www.naef.douce-france.net\/index.php\/wp-json\/wp\/v2\/media?parent=1659"}],"curies":[{"name":"wp","href":"https:\/\/api.w.org\/{rel}","templated":true}]}}