{"id":1640,"date":"2019-07-01T08:34:59","date_gmt":"2019-07-01T06:34:59","guid":{"rendered":"https:\/\/www.georgesnaef.com\/?page_id=1640"},"modified":"2019-07-01T08:34:59","modified_gmt":"2019-07-01T06:34:59","slug":"la-peinture","status":"publish","type":"page","link":"https:\/\/www.naef.douce-france.net\/index.php\/la-peinture\/","title":{"rendered":"La peinture de paysage des Origines \u00e0 nos jours"},"content":{"rendered":"<p><span style=\"font-size: 10pt;\"><span style=\"font-family: arial, helvetica, sans-serif; color: #000080;\"><strong><em><img loading=\"lazy\" decoding=\"async\" class=\"size-medium wp-image-684 alignleft\" src=\"https:\/\/www.georgesnaef.com\/wp-content\/uploads\/2019\/01\/peinture-paysage-2vol-223x300.jpg\" alt=\"\" width=\"223\" height=\"300\" srcset=\"https:\/\/www.naef.douce-france.net\/wp-content\/uploads\/2019\/01\/peinture-paysage-2vol-223x300.jpg 223w, https:\/\/www.naef.douce-france.net\/wp-content\/uploads\/2019\/01\/peinture-paysage-2vol-760x1024.jpg 760w, https:\/\/www.naef.douce-france.net\/wp-content\/uploads\/2019\/01\/peinture-paysage-2vol-768x1034.jpg 768w, https:\/\/www.naef.douce-france.net\/wp-content\/uploads\/2019\/01\/peinture-paysage-2vol-1141x1536.jpg 1141w, https:\/\/www.naef.douce-france.net\/wp-content\/uploads\/2019\/01\/peinture-paysage-2vol-1521x2048.jpg 1521w, https:\/\/www.naef.douce-france.net\/wp-content\/uploads\/2019\/01\/peinture-paysage-2vol.jpg 1818w\" sizes=\"auto, (max-width: 223px) 100vw, 223px\" \/>Bernard Biard<\/em><\/strong><\/span><\/span><\/p>\n<p><span style=\"font-family: arial, helvetica, sans-serif; font-size: 10pt;\">La peinture de paysage des Origines \u00e0 nos jours se pr\u00e9sente en 2 volumes de 170 pages chacun richement illustr\u00e9s repr\u00e9sentant les \u0153uvres marquantes de la peinture de paysage.<\/span><\/p>\n<p><span style=\"font-family: arial, helvetica, sans-serif; font-size: 10pt;\">Volume 1&nbsp;: Des origines au XVII\u00e8me si\u00e8cle<\/span><\/p>\n<p><span style=\"font-family: arial, helvetica, sans-serif; font-size: 10pt;\">Volume 2 : du XVIII\u00e8me \u00e0 nos jours<\/span><\/p>\n<p><span style=\"font-size: 10pt;\"><span style=\"font-family: arial, helvetica, sans-serif; color: #000080;\"><strong><em><br \/>\n<\/em><\/strong><\/span><\/span><span style=\"font-family: arial, helvetica, sans-serif; font-size: 10pt;\">L&rsquo;\u00e9poque allant de la fin du 17e si\u00e8cle \u00e0 nos jours verra le paysage devenir le sujet essentiel de l&rsquo;art pictural et fera par ailleurs l&rsquo;objet des plus grands changements. En ce qui concerne le paysage, deux tendances se sont oppos\u00e9es : l&rsquo;une tendant \u00e0 conserver, de fa\u00e7on chaque fois diff\u00e9rente certes, un lien avec l&rsquo;imitation des apparences naturelles, l&rsquo;autre en s&rsquo;en \u00e9loignant pour aller vers un abandon complet des formes rencontr\u00e9es dans la nature.&nbsp;<br \/>\nChez les premiers, la tendance \u00e0 peindre \u00e0 l&rsquo;ext\u00e9rieur, les recherches sur la lumi\u00e8re, sur l&rsquo;effet optique des touches de couleurs pures juxtapos\u00e9es, sur la simplification des formes, aboutirent \u00e0 l&rsquo;\u00e9cole de Barbizon, \u00e0 l&rsquo;impressionnisme, aux pointillistes, \u00e0 Paul C\u00e9zanne ou aux Nabis ouvrant la porte aux Cubistes et \u00e0 tous les peintres d\u00e9sirant s&rsquo;abstraire du sujet sans le rejeter compl\u00e8tement. D&rsquo;autres enfin, dont ceux qui eurent \u00e0 souffrir en Allemagne de la d\u00e9faite apr\u00e8s la guerre de 1914-1918, traduisirent leur angoisse par des tableaux aux couleurs \u00e9loign\u00e9es de la r\u00e9alit\u00e9.&nbsp;<br \/>\nMalgr\u00e9 ces diff\u00e9rences ces peintres feront partie du m\u00eame chapitre. Enfin, un certain nombre de peintres, comprenant que finalement le sujet, la r\u00e9alit\u00e9 ambiante n&rsquo;\u00e9tait pas le plus important pr\u00e9f\u00e9r\u00e8rent traduire leurs \u00e9motions ou nous les transmettre en s&rsquo;\u00e9loignant de la figuration. Turner, m\u00eame si tous les historiens de l&rsquo;art ne sont pas compl\u00e8tement d&rsquo;accord, fut l&rsquo;un de leurs pr\u00e9curseurs, et d&rsquo;autres artistes suivirent cette voie pour aboutir aux tableaux de nombreux peintres dont Alfred Manessier, Olivier Debr\u00e9 ou Zao-Wou-Ki en France furent parmi les repr\u00e9sentants.<\/span><\/p>\n<p><span style=\"font-size: 12pt;\"><strong><span style=\"font-family: arial, helvetica, sans-serif;\">\u20ac 77.- &#8211;&nbsp; &nbsp;CHF 89.- &#8211; (Coffret 2 volumes)<\/span><\/strong><\/span><\/p>\n","protected":false},"excerpt":{"rendered":"<p>Bernard Biard La peinture de paysage des Origines \u00e0 nos jours se pr\u00e9sente en 2 volumes de 170 pages chacun richement illustr\u00e9s repr\u00e9sentant les \u0153uvres marquantes de la peinture de paysage. Volume 1&nbsp;: Des origines au XVII\u00e8me si\u00e8cle Volume 2 : du XVIII\u00e8me \u00e0 nos jours L&rsquo;\u00e9poque allant de la fin du 17e si\u00e8cle \u00e0 [&hellip;]<\/p>\n","protected":false},"author":2,"featured_media":0,"parent":0,"menu_order":0,"comment_status":"closed","ping_status":"closed","template":"","meta":{"ngg_post_thumbnail":0,"footnotes":""},"class_list":["post-1640","page","type-page","status-publish","hentry"],"_links":{"self":[{"href":"https:\/\/www.naef.douce-france.net\/index.php\/wp-json\/wp\/v2\/pages\/1640","targetHints":{"allow":["GET"]}}],"collection":[{"href":"https:\/\/www.naef.douce-france.net\/index.php\/wp-json\/wp\/v2\/pages"}],"about":[{"href":"https:\/\/www.naef.douce-france.net\/index.php\/wp-json\/wp\/v2\/types\/page"}],"author":[{"embeddable":true,"href":"https:\/\/www.naef.douce-france.net\/index.php\/wp-json\/wp\/v2\/users\/2"}],"replies":[{"embeddable":true,"href":"https:\/\/www.naef.douce-france.net\/index.php\/wp-json\/wp\/v2\/comments?post=1640"}],"version-history":[{"count":0,"href":"https:\/\/www.naef.douce-france.net\/index.php\/wp-json\/wp\/v2\/pages\/1640\/revisions"}],"wp:attachment":[{"href":"https:\/\/www.naef.douce-france.net\/index.php\/wp-json\/wp\/v2\/media?parent=1640"}],"curies":[{"name":"wp","href":"https:\/\/api.w.org\/{rel}","templated":true}]}}