{"id":1529,"date":"2019-04-12T09:37:48","date_gmt":"2019-04-12T07:37:48","guid":{"rendered":"https:\/\/www.georgesnaef.com\/?page_id=1529"},"modified":"2019-04-12T09:37:48","modified_gmt":"2019-04-12T07:37:48","slug":"madagascar","status":"publish","type":"page","link":"https:\/\/www.naef.douce-france.net\/index.php\/madagascar\/","title":{"rendered":"Madagascar"},"content":{"rendered":"<p><span style=\"font-size: 10pt;\"><span style=\"font-family: arial, helvetica, sans-serif; color: #000080;\"><strong><em><img loading=\"lazy\" decoding=\"async\" class=\"size-medium wp-image-300 alignleft\" src=\"https:\/\/www.georgesnaef.com\/wp-content\/uploads\/2018\/12\/Madagascar-L\u00eele-continent-300x295.jpg\" alt=\"\" width=\"300\" height=\"295\">Patrick Blanche<br \/>\n<\/em><\/strong><\/span><\/span><span style=\"font-family: arial, helvetica, sans-serif; font-size: 10pt;\">Pour le voyageur, Madagascar, \u00e0 l&rsquo;image de sa population m\u00e9tiss\u00e9e, offre une nature unique et d&rsquo;une grande diversit\u00e9. Il faut revenir aux lointaines origines de cette \u00eele-continent pour mieux en cerner l&rsquo;int\u00e9r\u00eat et la n\u00e9cessit\u00e9 de pr\u00e9server les tr\u00e9sors issus de cette riche bio-diversit\u00e9. Il y a 250 millions d&rsquo;ann\u00e9es, avec la d\u00e9rive des continents, le bloc indo-malgache s&rsquo;isole progressivement de l&rsquo;Afrique ; l&rsquo;Inde et Madagascar se s\u00e9pareront 100 millions d&rsquo;ann\u00e9es plus tard, laissant l&rsquo;\u00eele \u00e0 son destin solitaire. Aujourd&rsquo;hui, cette \u00eele d&rsquo;une superficie de 592 000 km2 &#8211; plus grande que la France &#8211; semble pos\u00e9e sur l&rsquo;oc\u00e9an Indien, \u00e0 l&rsquo;\u00e9cart du monde. Une \u00eele habit\u00e9e par 18 ethnies jalouses de leurs origines, un territoire qui semple s&rsquo;\u00eatre isol\u00e9 du monde afin de mieux pr\u00e9server son patrimoine humain, sa faune et sa flore. M\u00eame si les hommes ont entam\u00e9 une partie de ce pr\u00e9cieux capital \u00e9cologique, Madagascar abrite encore pr\u00e8s de 200 000 esp\u00e8ces vivantes, dont 80% sont end\u00e9miques. La flore y est tout aussi vari\u00e9e et exceptionnelle, t\u00e9moignage d&rsquo;une biodiversit\u00e9 sans \u00e9gal dans le monde. Ce territoire compte aussi des r\u00e9serves naturelles pr\u00e9serv\u00e9es, o\u00f9 les scientifiques \u00e9tudient les vertus curatives des plantes endog\u00e8nes, connues de longue date par les autochtones.<br \/>\nPatrick Blanche a sillonn\u00e9 ce pays merveilleux \u00e0 plusieurs reprises. Il nous livre ici non seulement son t\u00e9moignage sur les beaut\u00e9s, les richesses et les diversit\u00e9s de Madagascar mais aussi, il a su partager la vie simple et discr\u00e8te des peuples malgaches, \u00e9couter leur r\u00e9cits qui parfois livrent quelques secrets.<\/span><\/p>\n<p><span style=\"font-family: arial, helvetica, sans-serif; font-size: 12pt;\"><strong>\u20ac 42.- &#8211;&nbsp; &nbsp;CHF 54.- &#8211;<\/strong><\/span><\/p>\n","protected":false},"excerpt":{"rendered":"<p>Patrick Blanche Pour le voyageur, Madagascar, \u00e0 l&rsquo;image de sa population m\u00e9tiss\u00e9e, offre une nature unique et d&rsquo;une grande diversit\u00e9. Il faut revenir aux lointaines origines de cette \u00eele-continent pour mieux en cerner l&rsquo;int\u00e9r\u00eat et la n\u00e9cessit\u00e9 de pr\u00e9server les tr\u00e9sors issus de cette riche bio-diversit\u00e9. Il y a 250 millions d&rsquo;ann\u00e9es, avec la d\u00e9rive [&hellip;]<\/p>\n","protected":false},"author":2,"featured_media":0,"parent":0,"menu_order":0,"comment_status":"closed","ping_status":"closed","template":"","meta":{"ngg_post_thumbnail":0,"footnotes":""},"class_list":["post-1529","page","type-page","status-publish","hentry"],"_links":{"self":[{"href":"https:\/\/www.naef.douce-france.net\/index.php\/wp-json\/wp\/v2\/pages\/1529","targetHints":{"allow":["GET"]}}],"collection":[{"href":"https:\/\/www.naef.douce-france.net\/index.php\/wp-json\/wp\/v2\/pages"}],"about":[{"href":"https:\/\/www.naef.douce-france.net\/index.php\/wp-json\/wp\/v2\/types\/page"}],"author":[{"embeddable":true,"href":"https:\/\/www.naef.douce-france.net\/index.php\/wp-json\/wp\/v2\/users\/2"}],"replies":[{"embeddable":true,"href":"https:\/\/www.naef.douce-france.net\/index.php\/wp-json\/wp\/v2\/comments?post=1529"}],"version-history":[{"count":0,"href":"https:\/\/www.naef.douce-france.net\/index.php\/wp-json\/wp\/v2\/pages\/1529\/revisions"}],"wp:attachment":[{"href":"https:\/\/www.naef.douce-france.net\/index.php\/wp-json\/wp\/v2\/media?parent=1529"}],"curies":[{"name":"wp","href":"https:\/\/api.w.org\/{rel}","templated":true}]}}